{"id":5380,"date":"2026-02-23T17:39:45","date_gmt":"2026-02-23T17:39:45","guid":{"rendered":"https:\/\/estremsdesign.com\/new\/?page_id=5380"},"modified":"2026-02-23T17:44:58","modified_gmt":"2026-02-23T17:44:58","slug":"galeria-proyecto-marea","status":"publish","type":"page","link":"https:\/\/estremsdesign.com\/new\/fotografia\/moonadas\/galerias-moonadas\/galeria-proyecto-marea\/","title":{"rendered":"Galeria Proyecto Marea"},"content":{"rendered":"\t\t<div data-elementor-type=\"wp-page\" data-elementor-id=\"5380\" class=\"elementor elementor-5380\" data-elementor-post-type=\"page\">\n\t\t\t\t\t\t<section class=\"elementor-section elementor-top-section elementor-element elementor-element-d9014b3 elementor-section-full_width elementor-section-height-default elementor-section-height-default\" data-id=\"d9014b3\" data-element_type=\"section\" data-e-type=\"section\">\n\t\t\t\t\t\t<div class=\"elementor-container elementor-column-gap-default\">\n\t\t\t\t\t<div class=\"elementor-column elementor-col-100 elementor-top-column elementor-element elementor-element-725f969\" data-id=\"725f969\" data-element_type=\"column\" data-e-type=\"column\">\n\t\t\t<div class=\"elementor-widget-wrap elementor-element-populated\">\n\t\t\t\t\t\t<div class=\"elementor-element elementor-element-c9da85a elementor-headline--style-highlight elementor-widget elementor-widget-animated-headline\" data-id=\"c9da85a\" data-element_type=\"widget\" data-e-type=\"widget\" data-settings=\"{&quot;marker&quot;:&quot;underline&quot;,&quot;highlighted_text&quot;:&quot;Marea&quot;,&quot;headline_style&quot;:&quot;highlight&quot;,&quot;loop&quot;:&quot;yes&quot;,&quot;highlight_animation_duration&quot;:1200,&quot;highlight_iteration_delay&quot;:8000}\" data-widget_type=\"animated-headline.default\">\n\t\t\t\t<div class=\"elementor-widget-container\">\n\t\t\t\t\t\t\t<h2 class=\"elementor-headline\">\n\t\t\t\t\t<span class=\"elementor-headline-plain-text elementor-headline-text-wrapper\">Proyecto<\/span>\n\t\t\t\t<span class=\"elementor-headline-dynamic-wrapper elementor-headline-text-wrapper\">\n\t\t\t\t\t<span class=\"elementor-headline-dynamic-text elementor-headline-text-active\">Marea<\/span>\n\t\t\t\t<\/span>\n\t\t\t\t<\/h2>\n\t\t\t\t\t\t<\/div>\n\t\t\t\t<\/div>\n\t\t\t\t<div class=\"elementor-element elementor-element-67a9be5 elementor-widget elementor-widget-spacer\" data-id=\"67a9be5\" data-element_type=\"widget\" data-e-type=\"widget\" data-widget_type=\"spacer.default\">\n\t\t\t\t<div class=\"elementor-widget-container\">\n\t\t\t\t\t\t\t<div class=\"elementor-spacer\">\n\t\t\t<div class=\"elementor-spacer-inner\"><\/div>\n\t\t<\/div>\n\t\t\t\t\t\t<\/div>\n\t\t\t\t<\/div>\n\t\t\t\t\t<\/div>\n\t\t<\/div>\n\t\t\t\t\t<\/div>\n\t\t<\/section>\n\t\t\t\t<section class=\"elementor-section elementor-top-section elementor-element elementor-element-b59a683 elementor-section-content-middle elementor-section-boxed elementor-section-height-default elementor-section-height-default\" data-id=\"b59a683\" data-element_type=\"section\" data-e-type=\"section\">\n\t\t\t\t\t\t<div class=\"elementor-container elementor-column-gap-default\">\n\t\t\t\t\t<div class=\"elementor-column elementor-col-100 elementor-top-column elementor-element elementor-element-ede8396\" data-id=\"ede8396\" data-element_type=\"column\" data-e-type=\"column\">\n\t\t\t<div class=\"elementor-widget-wrap elementor-element-populated\">\n\t\t\t\t\t\t<div class=\"elementor-element elementor-element-4a0ad8d elementor-align-center elementor-widget elementor-widget-button\" data-id=\"4a0ad8d\" data-element_type=\"widget\" data-e-type=\"widget\" data-widget_type=\"button.default\">\n\t\t\t\t<div class=\"elementor-widget-container\">\n\t\t\t\t\t\t\t\t\t<div class=\"elementor-button-wrapper\">\n\t\t\t\t\t<a class=\"elementor-button elementor-button-link elementor-size-sm\" href=\"https:\/\/estremsdesign.com\/new\/fotografia\/moonadas\/galerias-moonadas\/\">\n\t\t\t\t\t\t<span class=\"elementor-button-content-wrapper\">\n\t\t\t\t\t\t\t\t\t<span class=\"elementor-button-text\">Volver a Galer\u00edas Moonadas<\/span>\n\t\t\t\t\t<\/span>\n\t\t\t\t\t<\/a>\n\t\t\t\t<\/div>\n\t\t\t\t\t\t\t\t<\/div>\n\t\t\t\t<\/div>\n\t\t\t\t\t<\/div>\n\t\t<\/div>\n\t\t\t\t\t<\/div>\n\t\t<\/section>\n\t\t\t\t<section class=\"elementor-section elementor-top-section elementor-element elementor-element-59229f24 elementor-section-height-min-height elementor-section-full_width elementor-section-items-stretch elementor-section-content-middle elementor-section-height-default\" data-id=\"59229f24\" data-element_type=\"section\" data-e-type=\"section\" data-settings=\"{&quot;background_background&quot;:&quot;classic&quot;}\">\n\t\t\t\t\t\t<div class=\"elementor-container elementor-column-gap-no\">\n\t\t\t\t\t<div class=\"elementor-column elementor-col-50 elementor-top-column elementor-element elementor-element-57f2f51f\" data-id=\"57f2f51f\" data-element_type=\"column\" data-e-type=\"column\">\n\t\t\t<div class=\"elementor-widget-wrap elementor-element-populated\">\n\t\t\t\t\t\t<div class=\"elementor-element elementor-element-71a020e elementor-widget elementor-widget-heading\" data-id=\"71a020e\" data-element_type=\"widget\" data-e-type=\"widget\" data-widget_type=\"heading.default\">\n\t\t\t\t<div class=\"elementor-widget-container\">\n\t\t\t\t\t<h4 class=\"elementor-heading-title elementor-size-default\">pide mas informaci\u00f3n<\/h4>\t\t\t\t<\/div>\n\t\t\t\t<\/div>\n\t\t\t\t<div class=\"elementor-element elementor-element-38ce98b4 elementor-align-center elementor-widget elementor-widget-global elementor-global-1495 elementor-widget-button\" data-id=\"38ce98b4\" data-element_type=\"widget\" data-e-type=\"widget\" data-widget_type=\"button.default\">\n\t\t\t\t<div class=\"elementor-widget-container\">\n\t\t\t\t\t\t\t\t\t<div class=\"elementor-button-wrapper\">\n\t\t\t\t\t<a class=\"elementor-button elementor-button-link elementor-size-sm elementor-animation-hang\" href=\"https:\/\/estremsdesign.com\/new\/contacto\/\">\n\t\t\t\t\t\t<span class=\"elementor-button-content-wrapper\">\n\t\t\t\t\t\t\t\t\t<span class=\"elementor-button-text\">Contacta \u27f6<\/span>\n\t\t\t\t\t<\/span>\n\t\t\t\t\t<\/a>\n\t\t\t\t<\/div>\n\t\t\t\t\t\t\t\t<\/div>\n\t\t\t\t<\/div>\n\t\t\t\t\t<\/div>\n\t\t<\/div>\n\t\t\t\t<div class=\"elementor-column elementor-col-50 elementor-top-column elementor-element elementor-element-5de91820\" data-id=\"5de91820\" data-element_type=\"column\" data-e-type=\"column\" data-settings=\"{&quot;background_background&quot;:&quot;classic&quot;}\">\n\t\t\t<div class=\"elementor-widget-wrap elementor-element-populated\">\n\t\t\t\t\t\t<div class=\"elementor-element elementor-element-6ec8e81f elementor-widget elementor-widget-global elementor-global-1498 elementor-widget-spacer\" data-id=\"6ec8e81f\" data-element_type=\"widget\" data-e-type=\"widget\" data-widget_type=\"spacer.default\">\n\t\t\t\t<div class=\"elementor-widget-container\">\n\t\t\t\t\t\t\t<div class=\"elementor-spacer\">\n\t\t\t<div class=\"elementor-spacer-inner\"><\/div>\n\t\t<\/div>\n\t\t\t\t\t\t<\/div>\n\t\t\t\t<\/div>\n\t\t\t\t\t<\/div>\n\t\t<\/div>\n\t\t\t\t\t<\/div>\n\t\t<\/section>\n\t\t\t\t<\/div>\n\t\t","protected":false},"excerpt":{"rendered":"<p>Proyecto Marea Volver a Galer\u00edas Moonadas pide mas informaci\u00f3n Contacta \u27f6<\/p>\n","protected":false},"author":1,"featured_media":0,"parent":5346,"menu_order":0,"comment_status":"closed","ping_status":"closed","template":"","meta":{"_monsterinsights_skip_tracking":false,"_monsterinsights_sitenote_active":false,"_monsterinsights_sitenote_note":"","_monsterinsights_sitenote_category":0,"_vp_format_video_url":"","_vp_image_focal_point":[],"footnotes":""},"class_list":["post-5380","page","type-page","status-publish","hentry"],"yoast_head":"<!-- This site is optimized with the Yoast SEO plugin v27.3 - https:\/\/yoast.com\/product\/yoast-seo-wordpress\/ -->\n<title>Galeria Proyecto Marea - EstremsDesign<\/title>\n<meta name=\"robots\" content=\"index, follow, max-snippet:-1, max-image-preview:large, max-video-preview:-1\" \/>\n<link rel=\"canonical\" href=\"https:\/\/estremsdesign.com\/new\/fotografia\/moonadas\/galerias-moonadas\/galeria-proyecto-marea\/\" \/>\n<meta property=\"og:locale\" content=\"es_ES\" \/>\n<meta property=\"og:type\" content=\"article\" \/>\n<meta property=\"og:title\" content=\"Galeria Proyecto Marea - EstremsDesign\" \/>\n<meta property=\"og:description\" content=\"Proyecto Marea Volver a Galer\u00edas Moonadas pide mas informaci\u00f3n Contacta \u27f6\" \/>\n<meta property=\"og:url\" content=\"https:\/\/estremsdesign.com\/new\/fotografia\/moonadas\/galerias-moonadas\/galeria-proyecto-marea\/\" \/>\n<meta property=\"og:site_name\" content=\"EstremsDesign\" \/>\n<meta property=\"article:modified_time\" content=\"2026-02-23T17:44:58+00:00\" \/>\n<meta name=\"twitter:card\" content=\"summary_large_image\" \/>\n<script type=\"application\/ld+json\" class=\"yoast-schema-graph\">{\"@context\":\"https:\\\/\\\/schema.org\",\"@graph\":[{\"@type\":\"WebPage\",\"@id\":\"https:\\\/\\\/estremsdesign.com\\\/new\\\/fotografia\\\/moonadas\\\/galerias-moonadas\\\/galeria-proyecto-marea\\\/\",\"url\":\"https:\\\/\\\/estremsdesign.com\\\/new\\\/fotografia\\\/moonadas\\\/galerias-moonadas\\\/galeria-proyecto-marea\\\/\",\"name\":\"Galeria Proyecto Marea - EstremsDesign\",\"isPartOf\":{\"@id\":\"https:\\\/\\\/estremsdesign.com\\\/new\\\/#website\"},\"datePublished\":\"2026-02-23T17:39:45+00:00\",\"dateModified\":\"2026-02-23T17:44:58+00:00\",\"breadcrumb\":{\"@id\":\"https:\\\/\\\/estremsdesign.com\\\/new\\\/fotografia\\\/moonadas\\\/galerias-moonadas\\\/galeria-proyecto-marea\\\/#breadcrumb\"},\"inLanguage\":\"es\",\"potentialAction\":[{\"@type\":\"ReadAction\",\"target\":[\"https:\\\/\\\/estremsdesign.com\\\/new\\\/fotografia\\\/moonadas\\\/galerias-moonadas\\\/galeria-proyecto-marea\\\/\"]}]},{\"@type\":\"BreadcrumbList\",\"@id\":\"https:\\\/\\\/estremsdesign.com\\\/new\\\/fotografia\\\/moonadas\\\/galerias-moonadas\\\/galeria-proyecto-marea\\\/#breadcrumb\",\"itemListElement\":[{\"@type\":\"ListItem\",\"position\":1,\"name\":\"Portada\",\"item\":\"https:\\\/\\\/estremsdesign.com\\\/new\\\/\"},{\"@type\":\"ListItem\",\"position\":2,\"name\":\"Fotograf\u00eda\",\"item\":\"https:\\\/\\\/estremsdesign.com\\\/new\\\/fotografia\\\/\"},{\"@type\":\"ListItem\",\"position\":3,\"name\":\"Moonadas\",\"item\":\"https:\\\/\\\/estremsdesign.com\\\/new\\\/fotografia\\\/moonadas\\\/\"},{\"@type\":\"ListItem\",\"position\":4,\"name\":\"Galer\u00edas Moonadas\",\"item\":\"https:\\\/\\\/estremsdesign.com\\\/new\\\/fotografia\\\/moonadas\\\/galerias-moonadas\\\/\"},{\"@type\":\"ListItem\",\"position\":5,\"name\":\"Galeria Proyecto Marea\"}]},{\"@type\":\"WebSite\",\"@id\":\"https:\\\/\\\/estremsdesign.com\\\/new\\\/#website\",\"url\":\"https:\\\/\\\/estremsdesign.com\\\/new\\\/\",\"name\":\"EstremsDesign\",\"description\":\"Fotograf\u00eda y Dise\u00f1o Gr\u00e1fico en Matar\u00f3\",\"publisher\":{\"@id\":\"https:\\\/\\\/estremsdesign.com\\\/new\\\/#organization\"},\"potentialAction\":[{\"@type\":\"SearchAction\",\"target\":{\"@type\":\"EntryPoint\",\"urlTemplate\":\"https:\\\/\\\/estremsdesign.com\\\/new\\\/?s={search_term_string}\"},\"query-input\":{\"@type\":\"PropertyValueSpecification\",\"valueRequired\":true,\"valueName\":\"search_term_string\"}}],\"inLanguage\":\"es\"},{\"@type\":\"Organization\",\"@id\":\"https:\\\/\\\/estremsdesign.com\\\/new\\\/#organization\",\"name\":\"EstremsDesign\",\"url\":\"https:\\\/\\\/estremsdesign.com\\\/new\\\/\",\"logo\":{\"@type\":\"ImageObject\",\"inLanguage\":\"es\",\"@id\":\"https:\\\/\\\/estremsdesign.com\\\/new\\\/#\\\/schema\\\/logo\\\/image\\\/\",\"url\":\"https:\\\/\\\/estremsdesign.com\\\/new\\\/wp-content\\\/uploads\\\/2022\\\/04\\\/logobeige_menuweb.png\",\"contentUrl\":\"https:\\\/\\\/estremsdesign.com\\\/new\\\/wp-content\\\/uploads\\\/2022\\\/04\\\/logobeige_menuweb.png\",\"width\":2312,\"height\":1107,\"caption\":\"EstremsDesign\"},\"image\":{\"@id\":\"https:\\\/\\\/estremsdesign.com\\\/new\\\/#\\\/schema\\\/logo\\\/image\\\/\"}}]}<\/script>\n<!-- \/ Yoast SEO plugin. -->","yoast_head_json":{"title":"Galeria Proyecto Marea - EstremsDesign","robots":{"index":"index","follow":"follow","max-snippet":"max-snippet:-1","max-image-preview":"max-image-preview:large","max-video-preview":"max-video-preview:-1"},"canonical":"https:\/\/estremsdesign.com\/new\/fotografia\/moonadas\/galerias-moonadas\/galeria-proyecto-marea\/","og_locale":"es_ES","og_type":"article","og_title":"Galeria Proyecto Marea - EstremsDesign","og_description":"Proyecto Marea Volver a Galer\u00edas Moonadas pide mas informaci\u00f3n Contacta \u27f6","og_url":"https:\/\/estremsdesign.com\/new\/fotografia\/moonadas\/galerias-moonadas\/galeria-proyecto-marea\/","og_site_name":"EstremsDesign","article_modified_time":"2026-02-23T17:44:58+00:00","twitter_card":"summary_large_image","schema":{"@context":"https:\/\/schema.org","@graph":[{"@type":"WebPage","@id":"https:\/\/estremsdesign.com\/new\/fotografia\/moonadas\/galerias-moonadas\/galeria-proyecto-marea\/","url":"https:\/\/estremsdesign.com\/new\/fotografia\/moonadas\/galerias-moonadas\/galeria-proyecto-marea\/","name":"Galeria Proyecto Marea - EstremsDesign","isPartOf":{"@id":"https:\/\/estremsdesign.com\/new\/#website"},"datePublished":"2026-02-23T17:39:45+00:00","dateModified":"2026-02-23T17:44:58+00:00","breadcrumb":{"@id":"https:\/\/estremsdesign.com\/new\/fotografia\/moonadas\/galerias-moonadas\/galeria-proyecto-marea\/#breadcrumb"},"inLanguage":"es","potentialAction":[{"@type":"ReadAction","target":["https:\/\/estremsdesign.com\/new\/fotografia\/moonadas\/galerias-moonadas\/galeria-proyecto-marea\/"]}]},{"@type":"BreadcrumbList","@id":"https:\/\/estremsdesign.com\/new\/fotografia\/moonadas\/galerias-moonadas\/galeria-proyecto-marea\/#breadcrumb","itemListElement":[{"@type":"ListItem","position":1,"name":"Portada","item":"https:\/\/estremsdesign.com\/new\/"},{"@type":"ListItem","position":2,"name":"Fotograf\u00eda","item":"https:\/\/estremsdesign.com\/new\/fotografia\/"},{"@type":"ListItem","position":3,"name":"Moonadas","item":"https:\/\/estremsdesign.com\/new\/fotografia\/moonadas\/"},{"@type":"ListItem","position":4,"name":"Galer\u00edas Moonadas","item":"https:\/\/estremsdesign.com\/new\/fotografia\/moonadas\/galerias-moonadas\/"},{"@type":"ListItem","position":5,"name":"Galeria Proyecto Marea"}]},{"@type":"WebSite","@id":"https:\/\/estremsdesign.com\/new\/#website","url":"https:\/\/estremsdesign.com\/new\/","name":"EstremsDesign","description":"Fotograf\u00eda y Dise\u00f1o Gr\u00e1fico en Matar\u00f3","publisher":{"@id":"https:\/\/estremsdesign.com\/new\/#organization"},"potentialAction":[{"@type":"SearchAction","target":{"@type":"EntryPoint","urlTemplate":"https:\/\/estremsdesign.com\/new\/?s={search_term_string}"},"query-input":{"@type":"PropertyValueSpecification","valueRequired":true,"valueName":"search_term_string"}}],"inLanguage":"es"},{"@type":"Organization","@id":"https:\/\/estremsdesign.com\/new\/#organization","name":"EstremsDesign","url":"https:\/\/estremsdesign.com\/new\/","logo":{"@type":"ImageObject","inLanguage":"es","@id":"https:\/\/estremsdesign.com\/new\/#\/schema\/logo\/image\/","url":"https:\/\/estremsdesign.com\/new\/wp-content\/uploads\/2022\/04\/logobeige_menuweb.png","contentUrl":"https:\/\/estremsdesign.com\/new\/wp-content\/uploads\/2022\/04\/logobeige_menuweb.png","width":2312,"height":1107,"caption":"EstremsDesign"},"image":{"@id":"https:\/\/estremsdesign.com\/new\/#\/schema\/logo\/image\/"}}]}},"_links":{"self":[{"href":"https:\/\/estremsdesign.com\/new\/wp-json\/wp\/v2\/pages\/5380","targetHints":{"allow":["GET"]}}],"collection":[{"href":"https:\/\/estremsdesign.com\/new\/wp-json\/wp\/v2\/pages"}],"about":[{"href":"https:\/\/estremsdesign.com\/new\/wp-json\/wp\/v2\/types\/page"}],"author":[{"embeddable":true,"href":"https:\/\/estremsdesign.com\/new\/wp-json\/wp\/v2\/users\/1"}],"replies":[{"embeddable":true,"href":"https:\/\/estremsdesign.com\/new\/wp-json\/wp\/v2\/comments?post=5380"}],"version-history":[{"count":7,"href":"https:\/\/estremsdesign.com\/new\/wp-json\/wp\/v2\/pages\/5380\/revisions"}],"predecessor-version":[{"id":5398,"href":"https:\/\/estremsdesign.com\/new\/wp-json\/wp\/v2\/pages\/5380\/revisions\/5398"}],"up":[{"embeddable":true,"href":"https:\/\/estremsdesign.com\/new\/wp-json\/wp\/v2\/pages\/5346"}],"wp:attachment":[{"href":"https:\/\/estremsdesign.com\/new\/wp-json\/wp\/v2\/media?parent=5380"}],"curies":[{"name":"wp","href":"https:\/\/api.w.org\/{rel}","templated":true}]}}