{"id":4340,"date":"2025-05-29T09:15:17","date_gmt":"2025-05-29T09:15:17","guid":{"rendered":"https:\/\/estremsdesign.com\/new\/?page_id=4340"},"modified":"2025-05-29T09:16:33","modified_gmt":"2025-05-29T09:16:33","slug":"copyright","status":"publish","type":"page","link":"https:\/\/estremsdesign.com\/new\/copyright\/","title":{"rendered":"Declaraci\u00f3n de Copyright"},"content":{"rendered":"\t\t<div data-elementor-type=\"wp-page\" data-elementor-id=\"4340\" class=\"elementor elementor-4340\" data-elementor-post-type=\"page\">\n\t\t\t\t\t\t<section class=\"elementor-section elementor-top-section elementor-element elementor-element-63010651 elementor-section-boxed elementor-section-height-default elementor-section-height-default\" data-id=\"63010651\" data-element_type=\"section\" data-e-type=\"section\">\n\t\t\t\t\t\t<div class=\"elementor-container elementor-column-gap-default\">\n\t\t\t\t\t<div class=\"elementor-column elementor-col-100 elementor-top-column elementor-element elementor-element-2e748982\" data-id=\"2e748982\" data-element_type=\"column\" data-e-type=\"column\">\n\t\t\t<div class=\"elementor-widget-wrap elementor-element-populated\">\n\t\t\t\t\t\t<div class=\"elementor-element elementor-element-499cb65e elementor-widget elementor-widget-text-editor\" data-id=\"499cb65e\" data-element_type=\"widget\" data-e-type=\"widget\" data-widget_type=\"text-editor.default\">\n\t\t\t\t<div class=\"elementor-widget-container\">\n\t\t\t\t\t\t\t\t\t\n<h3 class=\"wp-block-heading\" data-start=\"4488\" data-end=\"4542\">\u00a9 Derechos de autor \u2013 Montserrat Estrems Maspoch<\/h3>\n<p data-start=\"4544\" data-end=\"4764\">Todas las fotograf\u00edas, im\u00e1genes, dise\u00f1os gr\u00e1ficos y contenidos publicados en <strong data-start=\"4621\" data-end=\"4642\">estremsdesign.com<\/strong> est\u00e1n protegidos por los <strong data-start=\"4668\" data-end=\"4689\">derechos de autor<\/strong> y otras leyes nacionales e internacionales de <strong data-start=\"4736\" data-end=\"4761\">propiedad intelectual<\/strong>.<\/p>\n<p data-start=\"4766\" data-end=\"4967\">\ud83d\udd12 <strong data-start=\"4769\" data-end=\"4857\">No est\u00e1 permitida la reproducci\u00f3n, distribuci\u00f3n, comunicaci\u00f3n p\u00fablica o modificaci\u00f3n<\/strong> de ninguna imagen sin el <strong data-start=\"4883\" data-end=\"4923\">consentimiento expreso y por escrito<\/strong> de su autora, Montserrat Estrems Maspoch.<\/p>\n<p data-start=\"4969\" data-end=\"5001\">\ud83d\udeab Queda totalmente prohibido:<\/p>\n<ul data-start=\"5002\" data-end=\"5175\">\n<li data-start=\"5002\" data-end=\"5063\">\n<p data-start=\"5004\" data-end=\"5063\">Usar las fotograf\u00edas con fines comerciales o editoriales.<\/p>\n<\/li>\n<li data-start=\"5064\" data-end=\"5123\">\n<p data-start=\"5066\" data-end=\"5123\">Compartir o descargar im\u00e1genes de esta web sin permiso.<\/p>\n<\/li>\n<li data-start=\"5124\" data-end=\"5175\">\n<p data-start=\"5126\" data-end=\"5175\">Eliminar marcas de agua o metadatos de autor\u00eda.<\/p>\n<\/li>\n<\/ul>\n<p data-start=\"5177\" data-end=\"5402\">Las obras est\u00e1n registradas y protegidas. El uso no autorizado de cualquier imagen puede constituir un delito conforme al <strong data-start=\"5299\" data-end=\"5334\">Real Decreto Legislativo 1\/1996<\/strong> de la Ley de Propiedad Intelectual, y ser\u00e1 perseguido legalmente.<\/p>\n<p data-start=\"5404\" data-end=\"5504\">\ud83d\udce9 Para solicitar licencia de uso o cualquier tipo de autorizaci\u00f3n, contacta a: <strong data-start=\"5484\" data-end=\"5502\">info@estremsdesign.com<\/strong><\/p>\n\t\t\t\t\t\t\t\t<\/div>\n\t\t\t\t<\/div>\n\t\t\t\t\t<\/div>\n\t\t<\/div>\n\t\t\t\t\t<\/div>\n\t\t<\/section>\n\t\t\t\t<\/div>\n\t\t","protected":false},"excerpt":{"rendered":"<p>\u00a9 Derechos de autor \u2013 Montserrat Estrems Maspoch Todas las fotograf\u00edas, im\u00e1genes, dise\u00f1os gr\u00e1ficos y contenidos publicados en estremsdesign.com est\u00e1n protegidos por los derechos de autor y otras leyes nacionales e internacionales de propiedad intelectual. \ud83d\udd12 No est\u00e1 permitida la reproducci\u00f3n, distribuci\u00f3n, comunicaci\u00f3n p\u00fablica o modificaci\u00f3n de ninguna imagen sin el consentimiento expreso y por [&hellip;]<\/p>\n","protected":false},"author":1,"featured_media":0,"parent":0,"menu_order":0,"comment_status":"closed","ping_status":"closed","template":"","meta":{"_monsterinsights_skip_tracking":false,"_monsterinsights_sitenote_active":false,"_monsterinsights_sitenote_note":"","_monsterinsights_sitenote_category":0,"_vp_format_video_url":"","_vp_image_focal_point":[],"footnotes":""},"class_list":["post-4340","page","type-page","status-publish","hentry"],"yoast_head":"<!-- This site is optimized with the Yoast SEO plugin v27.3 - https:\/\/yoast.com\/product\/yoast-seo-wordpress\/ -->\n<title>Declaraci\u00f3n de Copyright - EstremsDesign<\/title>\n<meta name=\"robots\" content=\"index, follow, max-snippet:-1, max-image-preview:large, max-video-preview:-1\" \/>\n<link rel=\"canonical\" href=\"https:\/\/estremsdesign.com\/new\/copyright\/\" \/>\n<meta property=\"og:locale\" content=\"es_ES\" \/>\n<meta property=\"og:type\" content=\"article\" \/>\n<meta property=\"og:title\" content=\"Declaraci\u00f3n de Copyright - EstremsDesign\" \/>\n<meta property=\"og:description\" content=\"\u00a9 Derechos de autor \u2013 Montserrat Estrems Maspoch Todas las fotograf\u00edas, im\u00e1genes, dise\u00f1os gr\u00e1ficos y contenidos publicados en estremsdesign.com est\u00e1n protegidos por los derechos de autor y otras leyes nacionales e internacionales de propiedad intelectual. \ud83d\udd12 No est\u00e1 permitida la reproducci\u00f3n, distribuci\u00f3n, comunicaci\u00f3n p\u00fablica o modificaci\u00f3n de ninguna imagen sin el consentimiento expreso y por [&hellip;]\" \/>\n<meta property=\"og:url\" content=\"https:\/\/estremsdesign.com\/new\/copyright\/\" \/>\n<meta property=\"og:site_name\" content=\"EstremsDesign\" \/>\n<meta property=\"article:modified_time\" content=\"2025-05-29T09:16:33+00:00\" \/>\n<meta name=\"twitter:card\" content=\"summary_large_image\" \/>\n<script type=\"application\/ld+json\" class=\"yoast-schema-graph\">{\"@context\":\"https:\\\/\\\/schema.org\",\"@graph\":[{\"@type\":\"WebPage\",\"@id\":\"https:\\\/\\\/estremsdesign.com\\\/new\\\/copyright\\\/\",\"url\":\"https:\\\/\\\/estremsdesign.com\\\/new\\\/copyright\\\/\",\"name\":\"Declaraci\u00f3n de Copyright - EstremsDesign\",\"isPartOf\":{\"@id\":\"https:\\\/\\\/estremsdesign.com\\\/new\\\/#website\"},\"datePublished\":\"2025-05-29T09:15:17+00:00\",\"dateModified\":\"2025-05-29T09:16:33+00:00\",\"breadcrumb\":{\"@id\":\"https:\\\/\\\/estremsdesign.com\\\/new\\\/copyright\\\/#breadcrumb\"},\"inLanguage\":\"es\",\"potentialAction\":[{\"@type\":\"ReadAction\",\"target\":[\"https:\\\/\\\/estremsdesign.com\\\/new\\\/copyright\\\/\"]}]},{\"@type\":\"BreadcrumbList\",\"@id\":\"https:\\\/\\\/estremsdesign.com\\\/new\\\/copyright\\\/#breadcrumb\",\"itemListElement\":[{\"@type\":\"ListItem\",\"position\":1,\"name\":\"Portada\",\"item\":\"https:\\\/\\\/estremsdesign.com\\\/new\\\/\"},{\"@type\":\"ListItem\",\"position\":2,\"name\":\"Declaraci\u00f3n de Copyright\"}]},{\"@type\":\"WebSite\",\"@id\":\"https:\\\/\\\/estremsdesign.com\\\/new\\\/#website\",\"url\":\"https:\\\/\\\/estremsdesign.com\\\/new\\\/\",\"name\":\"EstremsDesign\",\"description\":\"Fotograf\u00eda y Dise\u00f1o Gr\u00e1fico en Matar\u00f3\",\"publisher\":{\"@id\":\"https:\\\/\\\/estremsdesign.com\\\/new\\\/#organization\"},\"potentialAction\":[{\"@type\":\"SearchAction\",\"target\":{\"@type\":\"EntryPoint\",\"urlTemplate\":\"https:\\\/\\\/estremsdesign.com\\\/new\\\/?s={search_term_string}\"},\"query-input\":{\"@type\":\"PropertyValueSpecification\",\"valueRequired\":true,\"valueName\":\"search_term_string\"}}],\"inLanguage\":\"es\"},{\"@type\":\"Organization\",\"@id\":\"https:\\\/\\\/estremsdesign.com\\\/new\\\/#organization\",\"name\":\"EstremsDesign\",\"url\":\"https:\\\/\\\/estremsdesign.com\\\/new\\\/\",\"logo\":{\"@type\":\"ImageObject\",\"inLanguage\":\"es\",\"@id\":\"https:\\\/\\\/estremsdesign.com\\\/new\\\/#\\\/schema\\\/logo\\\/image\\\/\",\"url\":\"https:\\\/\\\/estremsdesign.com\\\/new\\\/wp-content\\\/uploads\\\/2022\\\/04\\\/logobeige_menuweb.png\",\"contentUrl\":\"https:\\\/\\\/estremsdesign.com\\\/new\\\/wp-content\\\/uploads\\\/2022\\\/04\\\/logobeige_menuweb.png\",\"width\":2312,\"height\":1107,\"caption\":\"EstremsDesign\"},\"image\":{\"@id\":\"https:\\\/\\\/estremsdesign.com\\\/new\\\/#\\\/schema\\\/logo\\\/image\\\/\"}}]}<\/script>\n<!-- \/ Yoast SEO plugin. -->","yoast_head_json":{"title":"Declaraci\u00f3n de Copyright - EstremsDesign","robots":{"index":"index","follow":"follow","max-snippet":"max-snippet:-1","max-image-preview":"max-image-preview:large","max-video-preview":"max-video-preview:-1"},"canonical":"https:\/\/estremsdesign.com\/new\/copyright\/","og_locale":"es_ES","og_type":"article","og_title":"Declaraci\u00f3n de Copyright - EstremsDesign","og_description":"\u00a9 Derechos de autor \u2013 Montserrat Estrems Maspoch Todas las fotograf\u00edas, im\u00e1genes, dise\u00f1os gr\u00e1ficos y contenidos publicados en estremsdesign.com est\u00e1n protegidos por los derechos de autor y otras leyes nacionales e internacionales de propiedad intelectual. \ud83d\udd12 No est\u00e1 permitida la reproducci\u00f3n, distribuci\u00f3n, comunicaci\u00f3n p\u00fablica o modificaci\u00f3n de ninguna imagen sin el consentimiento expreso y por [&hellip;]","og_url":"https:\/\/estremsdesign.com\/new\/copyright\/","og_site_name":"EstremsDesign","article_modified_time":"2025-05-29T09:16:33+00:00","twitter_card":"summary_large_image","schema":{"@context":"https:\/\/schema.org","@graph":[{"@type":"WebPage","@id":"https:\/\/estremsdesign.com\/new\/copyright\/","url":"https:\/\/estremsdesign.com\/new\/copyright\/","name":"Declaraci\u00f3n de Copyright - EstremsDesign","isPartOf":{"@id":"https:\/\/estremsdesign.com\/new\/#website"},"datePublished":"2025-05-29T09:15:17+00:00","dateModified":"2025-05-29T09:16:33+00:00","breadcrumb":{"@id":"https:\/\/estremsdesign.com\/new\/copyright\/#breadcrumb"},"inLanguage":"es","potentialAction":[{"@type":"ReadAction","target":["https:\/\/estremsdesign.com\/new\/copyright\/"]}]},{"@type":"BreadcrumbList","@id":"https:\/\/estremsdesign.com\/new\/copyright\/#breadcrumb","itemListElement":[{"@type":"ListItem","position":1,"name":"Portada","item":"https:\/\/estremsdesign.com\/new\/"},{"@type":"ListItem","position":2,"name":"Declaraci\u00f3n de Copyright"}]},{"@type":"WebSite","@id":"https:\/\/estremsdesign.com\/new\/#website","url":"https:\/\/estremsdesign.com\/new\/","name":"EstremsDesign","description":"Fotograf\u00eda y Dise\u00f1o Gr\u00e1fico en Matar\u00f3","publisher":{"@id":"https:\/\/estremsdesign.com\/new\/#organization"},"potentialAction":[{"@type":"SearchAction","target":{"@type":"EntryPoint","urlTemplate":"https:\/\/estremsdesign.com\/new\/?s={search_term_string}"},"query-input":{"@type":"PropertyValueSpecification","valueRequired":true,"valueName":"search_term_string"}}],"inLanguage":"es"},{"@type":"Organization","@id":"https:\/\/estremsdesign.com\/new\/#organization","name":"EstremsDesign","url":"https:\/\/estremsdesign.com\/new\/","logo":{"@type":"ImageObject","inLanguage":"es","@id":"https:\/\/estremsdesign.com\/new\/#\/schema\/logo\/image\/","url":"https:\/\/estremsdesign.com\/new\/wp-content\/uploads\/2022\/04\/logobeige_menuweb.png","contentUrl":"https:\/\/estremsdesign.com\/new\/wp-content\/uploads\/2022\/04\/logobeige_menuweb.png","width":2312,"height":1107,"caption":"EstremsDesign"},"image":{"@id":"https:\/\/estremsdesign.com\/new\/#\/schema\/logo\/image\/"}}]}},"_links":{"self":[{"href":"https:\/\/estremsdesign.com\/new\/wp-json\/wp\/v2\/pages\/4340","targetHints":{"allow":["GET"]}}],"collection":[{"href":"https:\/\/estremsdesign.com\/new\/wp-json\/wp\/v2\/pages"}],"about":[{"href":"https:\/\/estremsdesign.com\/new\/wp-json\/wp\/v2\/types\/page"}],"author":[{"embeddable":true,"href":"https:\/\/estremsdesign.com\/new\/wp-json\/wp\/v2\/users\/1"}],"replies":[{"embeddable":true,"href":"https:\/\/estremsdesign.com\/new\/wp-json\/wp\/v2\/comments?post=4340"}],"version-history":[{"count":4,"href":"https:\/\/estremsdesign.com\/new\/wp-json\/wp\/v2\/pages\/4340\/revisions"}],"predecessor-version":[{"id":4345,"href":"https:\/\/estremsdesign.com\/new\/wp-json\/wp\/v2\/pages\/4340\/revisions\/4345"}],"wp:attachment":[{"href":"https:\/\/estremsdesign.com\/new\/wp-json\/wp\/v2\/media?parent=4340"}],"curies":[{"name":"wp","href":"https:\/\/api.w.org\/{rel}","templated":true}]}}