{"id":3480,"date":"2024-07-22T13:30:01","date_gmt":"2024-07-22T13:30:01","guid":{"rendered":"https:\/\/estremsdesign.com\/new\/?page_id=3480"},"modified":"2026-02-02T20:55:32","modified_gmt":"2026-02-02T20:55:32","slug":"proyecto-branding-la-cornisa","status":"publish","type":"page","link":"https:\/\/estremsdesign.com\/new\/diseno-grafico-mataro\/proyectos-branding\/proyecto-branding-la-cornisa\/","title":{"rendered":"Proyecto Branding La Cornisa"},"content":{"rendered":"\t\t<div data-elementor-type=\"wp-page\" data-elementor-id=\"3480\" class=\"elementor elementor-3480\" data-elementor-post-type=\"page\">\n\t\t\t\t\t\t<section class=\"elementor-section elementor-top-section elementor-element elementor-element-d9014b3 elementor-section-full_width elementor-section-height-default elementor-section-height-default\" data-id=\"d9014b3\" data-element_type=\"section\" data-e-type=\"section\">\n\t\t\t\t\t\t<div class=\"elementor-container elementor-column-gap-default\">\n\t\t\t\t\t<div class=\"elementor-column elementor-col-100 elementor-top-column elementor-element elementor-element-725f969\" data-id=\"725f969\" data-element_type=\"column\" data-e-type=\"column\">\n\t\t\t<div class=\"elementor-widget-wrap elementor-element-populated\">\n\t\t\t\t\t\t<div class=\"elementor-element elementor-element-c9da85a elementor-headline--style-highlight elementor-widget elementor-widget-animated-headline\" data-id=\"c9da85a\" data-element_type=\"widget\" data-e-type=\"widget\" data-settings=\"{&quot;marker&quot;:&quot;underline&quot;,&quot;highlighted_text&quot;:&quot;La Cornisa&quot;,&quot;headline_style&quot;:&quot;highlight&quot;,&quot;loop&quot;:&quot;yes&quot;,&quot;highlight_animation_duration&quot;:1200,&quot;highlight_iteration_delay&quot;:8000}\" data-widget_type=\"animated-headline.default\">\n\t\t\t\t<div class=\"elementor-widget-container\">\n\t\t\t\t\t\t\t<h2 class=\"elementor-headline\">\n\t\t\t\t<span class=\"elementor-headline-dynamic-wrapper elementor-headline-text-wrapper\">\n\t\t\t\t\t<span class=\"elementor-headline-dynamic-text elementor-headline-text-active\">La Cornisa<\/span>\n\t\t\t\t<\/span>\n\t\t\t\t<\/h2>\n\t\t\t\t\t\t<\/div>\n\t\t\t\t<\/div>\n\t\t\t\t<div class=\"elementor-element elementor-element-67a9be5 elementor-widget elementor-widget-spacer\" data-id=\"67a9be5\" data-element_type=\"widget\" data-e-type=\"widget\" data-widget_type=\"spacer.default\">\n\t\t\t\t<div class=\"elementor-widget-container\">\n\t\t\t\t\t\t\t<div class=\"elementor-spacer\">\n\t\t\t<div class=\"elementor-spacer-inner\"><\/div>\n\t\t<\/div>\n\t\t\t\t\t\t<\/div>\n\t\t\t\t<\/div>\n\t\t\t\t<div class=\"elementor-element elementor-element-633dedf elementor-widget elementor-widget-text-editor\" data-id=\"633dedf\" data-element_type=\"widget\" data-e-type=\"widget\" data-widget_type=\"text-editor.default\">\n\t\t\t\t<div class=\"elementor-widget-container\">\n\t\t\t\t\t\t\t\t\t<p>Dise\u00f1o del Logotipo y del manual de estilo para la Urbanizaci\u00f3n La Cornisa de Matar\u00f3<\/p>\t\t\t\t\t\t\t\t<\/div>\n\t\t\t\t<\/div>\n\t\t\t\t<div class=\"elementor-element elementor-element-49786e2 elementor-widget elementor-widget-spacer\" data-id=\"49786e2\" data-element_type=\"widget\" data-e-type=\"widget\" data-widget_type=\"spacer.default\">\n\t\t\t\t<div class=\"elementor-widget-container\">\n\t\t\t\t\t\t\t<div class=\"elementor-spacer\">\n\t\t\t<div class=\"elementor-spacer-inner\"><\/div>\n\t\t<\/div>\n\t\t\t\t\t\t<\/div>\n\t\t\t\t<\/div>\n\t\t\t\t<div class=\"elementor-element elementor-element-517ee7a5 elementor-widget__width-initial elementor-widget elementor-widget-image\" data-id=\"517ee7a5\" data-element_type=\"widget\" data-e-type=\"widget\" data-widget_type=\"image.default\">\n\t\t\t\t<div class=\"elementor-widget-container\">\n\t\t\t\t\t\t\t\t\t\t\t\t\t\t\t<img fetchpriority=\"high\" decoding=\"async\" width=\"800\" height=\"544\" src=\"https:\/\/estremsdesign.com\/new\/wp-content\/uploads\/2024\/07\/LOGOCORNISA-copia-2-1024x696.jpg\" class=\"attachment-large size-large wp-image-3675\" alt=\"\" srcset=\"https:\/\/estremsdesign.com\/new\/wp-content\/uploads\/2024\/07\/LOGOCORNISA-copia-2-1024x696.jpg 1024w, https:\/\/estremsdesign.com\/new\/wp-content\/uploads\/2024\/07\/LOGOCORNISA-copia-2-300x204.jpg 300w, https:\/\/estremsdesign.com\/new\/wp-content\/uploads\/2024\/07\/LOGOCORNISA-copia-2-768x522.jpg 768w, https:\/\/estremsdesign.com\/new\/wp-content\/uploads\/2024\/07\/LOGOCORNISA-copia-2-1536x1044.jpg 1536w, https:\/\/estremsdesign.com\/new\/wp-content\/uploads\/2024\/07\/LOGOCORNISA-copia-2-500x340.jpg 500w, https:\/\/estremsdesign.com\/new\/wp-content\/uploads\/2024\/07\/LOGOCORNISA-copia-2-800x544.jpg 800w, https:\/\/estremsdesign.com\/new\/wp-content\/uploads\/2024\/07\/LOGOCORNISA-copia-2-1280x870.jpg 1280w, https:\/\/estremsdesign.com\/new\/wp-content\/uploads\/2024\/07\/LOGOCORNISA-copia-2-1000x680.jpg 1000w, https:\/\/estremsdesign.com\/new\/wp-content\/uploads\/2024\/07\/LOGOCORNISA-copia-2.jpg 1844w\" sizes=\"(max-width: 800px) 100vw, 800px\" \/>\t\t\t\t\t\t\t\t\t\t\t\t\t\t\t<\/div>\n\t\t\t\t<\/div>\n\t\t\t\t<div class=\"elementor-element elementor-element-74581083 elementor-widget__width-initial elementor-arrows-position-inside elementor-widget elementor-widget-image-carousel\" data-id=\"74581083\" data-element_type=\"widget\" data-e-type=\"widget\" data-settings=\"{&quot;slides_to_show&quot;:&quot;1&quot;,&quot;autoplay_speed&quot;:3000,&quot;navigation&quot;:&quot;arrows&quot;,&quot;autoplay&quot;:&quot;yes&quot;,&quot;pause_on_interaction&quot;:&quot;yes&quot;,&quot;infinite&quot;:&quot;yes&quot;,&quot;effect&quot;:&quot;slide&quot;,&quot;speed&quot;:500}\" data-widget_type=\"image-carousel.default\">\n\t\t\t\t<div class=\"elementor-widget-container\">\n\t\t\t\t\t\t\t<div class=\"elementor-image-carousel-wrapper swiper\" role=\"region\" aria-roledescription=\"carousel\" aria-label=\"Carrusel de im\u00e1genes\" dir=\"ltr\">\n\t\t\t<div class=\"elementor-image-carousel swiper-wrapper\" aria-live=\"off\">\n\t\t\t\t\t\t\t\t<div class=\"swiper-slide\" role=\"group\" aria-roledescription=\"slide\" aria-label=\"1 de 5\"><figure class=\"swiper-slide-inner\"><img decoding=\"async\" class=\"swiper-slide-image\" src=\"https:\/\/estremsdesign.com\/new\/wp-content\/uploads\/2024\/07\/web_MANUAL.LACORNISA-1000x261.png\" alt=\"web_MANUAL.LACORNISA\" \/><\/figure><\/div><div class=\"swiper-slide\" role=\"group\" aria-roledescription=\"slide\" aria-label=\"2 de 5\"><figure class=\"swiper-slide-inner\"><img decoding=\"async\" class=\"swiper-slide-image\" src=\"https:\/\/estremsdesign.com\/new\/wp-content\/uploads\/2024\/07\/taza-1000x624.png\" alt=\"taza\" \/><\/figure><\/div><div class=\"swiper-slide\" role=\"group\" aria-roledescription=\"slide\" aria-label=\"3 de 5\"><figure class=\"swiper-slide-inner\"><img decoding=\"async\" class=\"swiper-slide-image\" src=\"https:\/\/estremsdesign.com\/new\/wp-content\/uploads\/2024\/07\/Tshirt_-1000x658.png\" alt=\"Tshirt_\" \/><\/figure><\/div><div class=\"swiper-slide\" role=\"group\" aria-roledescription=\"slide\" aria-label=\"4 de 5\"><figure class=\"swiper-slide-inner\"><img decoding=\"async\" class=\"swiper-slide-image\" src=\"https:\/\/estremsdesign.com\/new\/wp-content\/uploads\/2024\/07\/papeleria-1000x667.png\" alt=\"papeleri\u0301a\" \/><\/figure><\/div><div class=\"swiper-slide\" role=\"group\" aria-roledescription=\"slide\" aria-label=\"5 de 5\"><figure class=\"swiper-slide-inner\"><img decoding=\"async\" class=\"swiper-slide-image\" src=\"https:\/\/estremsdesign.com\/new\/wp-content\/uploads\/2024\/07\/tote-1000x750.png\" alt=\"tote\" \/><\/figure><\/div>\t\t\t<\/div>\n\t\t\t\t\t\t\t\t\t\t\t\t<div class=\"elementor-swiper-button elementor-swiper-button-prev\" role=\"button\" tabindex=\"0\">\n\t\t\t\t\t\t<i aria-hidden=\"true\" class=\"eicon-chevron-left\"><\/i>\t\t\t\t\t<\/div>\n\t\t\t\t\t<div class=\"elementor-swiper-button elementor-swiper-button-next\" role=\"button\" tabindex=\"0\">\n\t\t\t\t\t\t<i aria-hidden=\"true\" class=\"eicon-chevron-right\"><\/i>\t\t\t\t\t<\/div>\n\t\t\t\t\n\t\t\t\t\t\t\t\t\t<\/div>\n\t\t\t\t\t\t<\/div>\n\t\t\t\t<\/div>\n\t\t\t\t<div class=\"elementor-element elementor-element-e81e7e9 elementor-widget elementor-widget-spacer\" data-id=\"e81e7e9\" data-element_type=\"widget\" data-e-type=\"widget\" data-widget_type=\"spacer.default\">\n\t\t\t\t<div class=\"elementor-widget-container\">\n\t\t\t\t\t\t\t<div class=\"elementor-spacer\">\n\t\t\t<div class=\"elementor-spacer-inner\"><\/div>\n\t\t<\/div>\n\t\t\t\t\t\t<\/div>\n\t\t\t\t<\/div>\n\t\t\t\t\t<\/div>\n\t\t<\/div>\n\t\t\t\t\t<\/div>\n\t\t<\/section>\n\t\t\t\t<section class=\"elementor-section elementor-top-section elementor-element elementor-element-b59a683 elementor-section-content-middle elementor-section-boxed elementor-section-height-default elementor-section-height-default\" data-id=\"b59a683\" data-element_type=\"section\" data-e-type=\"section\">\n\t\t\t\t\t\t<div class=\"elementor-container elementor-column-gap-default\">\n\t\t\t\t\t<div class=\"elementor-column elementor-col-100 elementor-top-column elementor-element elementor-element-ede8396\" data-id=\"ede8396\" data-element_type=\"column\" data-e-type=\"column\">\n\t\t\t<div class=\"elementor-widget-wrap elementor-element-populated\">\n\t\t\t\t\t\t<div class=\"elementor-element elementor-element-4a0ad8d elementor-align-center elementor-widget elementor-widget-button\" data-id=\"4a0ad8d\" data-element_type=\"widget\" data-e-type=\"widget\" data-widget_type=\"button.default\">\n\t\t\t\t<div class=\"elementor-widget-container\">\n\t\t\t\t\t\t\t\t\t<div class=\"elementor-button-wrapper\">\n\t\t\t\t\t<a class=\"elementor-button elementor-button-link elementor-size-sm\" href=\"https:\/\/estremsdesign.com\/new\/diseno-grafico-mataro\/proyectos-branding\/\">\n\t\t\t\t\t\t<span class=\"elementor-button-content-wrapper\">\n\t\t\t\t\t\t\t\t\t<span class=\"elementor-button-text\">Volver a proyectos branding<\/span>\n\t\t\t\t\t<\/span>\n\t\t\t\t\t<\/a>\n\t\t\t\t<\/div>\n\t\t\t\t\t\t\t\t<\/div>\n\t\t\t\t<\/div>\n\t\t\t\t\t<\/div>\n\t\t<\/div>\n\t\t\t\t\t<\/div>\n\t\t<\/section>\n\t\t\t\t<section class=\"elementor-section elementor-top-section elementor-element elementor-element-53ea9df elementor-section-height-min-height elementor-section-full_width elementor-section-items-stretch elementor-section-content-middle elementor-section-height-default\" data-id=\"53ea9df\" data-element_type=\"section\" data-e-type=\"section\" data-settings=\"{&quot;background_background&quot;:&quot;classic&quot;}\">\n\t\t\t\t\t\t<div class=\"elementor-container elementor-column-gap-no\">\n\t\t\t\t\t<div class=\"elementor-column elementor-col-50 elementor-top-column elementor-element elementor-element-b2abeac\" data-id=\"b2abeac\" data-element_type=\"column\" data-e-type=\"column\">\n\t\t\t<div class=\"elementor-widget-wrap elementor-element-populated\">\n\t\t\t\t\t\t<div class=\"elementor-element elementor-element-7eba2ec elementor-widget elementor-widget-global elementor-global-3565 elementor-widget-text-editor\" data-id=\"7eba2ec\" data-element_type=\"widget\" data-e-type=\"widget\" data-widget_type=\"text-editor.default\">\n\t\t\t\t<div class=\"elementor-widget-container\">\n\t\t\t\t\t\t\t\t\t<p>si lo puedes imaginar,<\/p><p>lo puedo dise\u00f1ar<\/p>\t\t\t\t\t\t\t\t<\/div>\n\t\t\t\t<\/div>\n\t\t\t\t<div class=\"elementor-element elementor-element-d075058 elementor-align-center elementor-widget elementor-widget-button\" data-id=\"d075058\" data-element_type=\"widget\" data-e-type=\"widget\" data-widget_type=\"button.default\">\n\t\t\t\t<div class=\"elementor-widget-container\">\n\t\t\t\t\t\t\t\t\t<div class=\"elementor-button-wrapper\">\n\t\t\t\t\t<a class=\"elementor-button elementor-button-link elementor-size-sm elementor-animation-hang\" href=\"https:\/\/estremsdesign.com\/new\/contacto\/\">\n\t\t\t\t\t\t<span class=\"elementor-button-content-wrapper\">\n\t\t\t\t\t\t\t\t\t<span class=\"elementor-button-text\">Contacta \u27f6<\/span>\n\t\t\t\t\t<\/span>\n\t\t\t\t\t<\/a>\n\t\t\t\t<\/div>\n\t\t\t\t\t\t\t\t<\/div>\n\t\t\t\t<\/div>\n\t\t\t\t\t<\/div>\n\t\t<\/div>\n\t\t\t\t<div class=\"elementor-column elementor-col-50 elementor-top-column elementor-element elementor-element-a0f24d9\" data-id=\"a0f24d9\" data-element_type=\"column\" data-e-type=\"column\" data-settings=\"{&quot;background_background&quot;:&quot;classic&quot;}\">\n\t\t\t<div class=\"elementor-widget-wrap elementor-element-populated\">\n\t\t\t\t\t\t<div class=\"elementor-element elementor-element-aa603e3 elementor-widget elementor-widget-spacer\" data-id=\"aa603e3\" data-element_type=\"widget\" data-e-type=\"widget\" data-widget_type=\"spacer.default\">\n\t\t\t\t<div class=\"elementor-widget-container\">\n\t\t\t\t\t\t\t<div class=\"elementor-spacer\">\n\t\t\t<div class=\"elementor-spacer-inner\"><\/div>\n\t\t<\/div>\n\t\t\t\t\t\t<\/div>\n\t\t\t\t<\/div>\n\t\t\t\t\t<\/div>\n\t\t<\/div>\n\t\t\t\t\t<\/div>\n\t\t<\/section>\n\t\t\t\t<\/div>\n\t\t","protected":false},"excerpt":{"rendered":"<p>La Cornisa Dise\u00f1o del Logotipo y del manual de estilo para la Urbanizaci\u00f3n La Cornisa de Matar\u00f3 Volver a proyectos branding si lo puedes imaginar, lo puedo dise\u00f1ar Contacta \u27f6<\/p>\n","protected":false},"author":1,"featured_media":0,"parent":3410,"menu_order":0,"comment_status":"closed","ping_status":"closed","template":"","meta":{"_monsterinsights_skip_tracking":false,"_monsterinsights_sitenote_active":false,"_monsterinsights_sitenote_note":"","_monsterinsights_sitenote_category":0,"_vp_format_video_url":"","_vp_image_focal_point":[],"footnotes":""},"class_list":["post-3480","page","type-page","status-publish","hentry"],"yoast_head":"<!-- This site is optimized with the Yoast SEO plugin v27.5 - https:\/\/yoast.com\/product\/yoast-seo-wordpress\/ -->\n<title>Proyecto Branding La Cornisa - EstremsDesign<\/title>\n<meta name=\"robots\" content=\"index, follow, max-snippet:-1, max-image-preview:large, max-video-preview:-1\" \/>\n<link rel=\"canonical\" href=\"https:\/\/estremsdesign.com\/new\/diseno-grafico-mataro\/proyectos-branding\/proyecto-branding-la-cornisa\/\" \/>\n<meta property=\"og:locale\" content=\"es_ES\" \/>\n<meta property=\"og:type\" content=\"article\" \/>\n<meta property=\"og:title\" content=\"Proyecto Branding La Cornisa - EstremsDesign\" \/>\n<meta property=\"og:description\" content=\"La Cornisa Dise\u00f1o del Logotipo y del manual de estilo para la Urbanizaci\u00f3n La Cornisa de Matar\u00f3 Volver a proyectos branding si lo puedes imaginar, lo puedo dise\u00f1ar Contacta \u27f6\" \/>\n<meta property=\"og:url\" content=\"https:\/\/estremsdesign.com\/new\/diseno-grafico-mataro\/proyectos-branding\/proyecto-branding-la-cornisa\/\" \/>\n<meta property=\"og:site_name\" content=\"EstremsDesign\" \/>\n<meta property=\"article:modified_time\" content=\"2026-02-02T20:55:32+00:00\" \/>\n<meta property=\"og:image\" content=\"https:\/\/estremsdesign.com\/new\/wp-content\/uploads\/2024\/07\/LOGOCORNISA-copia-2.jpg\" \/>\n\t<meta property=\"og:image:width\" content=\"1844\" \/>\n\t<meta property=\"og:image:height\" content=\"1253\" \/>\n\t<meta property=\"og:image:type\" content=\"image\/jpeg\" \/>\n<meta name=\"twitter:card\" content=\"summary_large_image\" \/>\n<script type=\"application\/ld+json\" class=\"yoast-schema-graph\">{\"@context\":\"https:\\\/\\\/schema.org\",\"@graph\":[{\"@type\":\"WebPage\",\"@id\":\"https:\\\/\\\/estremsdesign.com\\\/new\\\/diseno-grafico-mataro\\\/proyectos-branding\\\/proyecto-branding-la-cornisa\\\/\",\"url\":\"https:\\\/\\\/estremsdesign.com\\\/new\\\/diseno-grafico-mataro\\\/proyectos-branding\\\/proyecto-branding-la-cornisa\\\/\",\"name\":\"Proyecto Branding La Cornisa - EstremsDesign\",\"isPartOf\":{\"@id\":\"https:\\\/\\\/estremsdesign.com\\\/new\\\/#website\"},\"primaryImageOfPage\":{\"@id\":\"https:\\\/\\\/estremsdesign.com\\\/new\\\/diseno-grafico-mataro\\\/proyectos-branding\\\/proyecto-branding-la-cornisa\\\/#primaryimage\"},\"image\":{\"@id\":\"https:\\\/\\\/estremsdesign.com\\\/new\\\/diseno-grafico-mataro\\\/proyectos-branding\\\/proyecto-branding-la-cornisa\\\/#primaryimage\"},\"thumbnailUrl\":\"https:\\\/\\\/estremsdesign.com\\\/new\\\/wp-content\\\/uploads\\\/2024\\\/07\\\/LOGOCORNISA-copia-2-1024x696.jpg\",\"datePublished\":\"2024-07-22T13:30:01+00:00\",\"dateModified\":\"2026-02-02T20:55:32+00:00\",\"breadcrumb\":{\"@id\":\"https:\\\/\\\/estremsdesign.com\\\/new\\\/diseno-grafico-mataro\\\/proyectos-branding\\\/proyecto-branding-la-cornisa\\\/#breadcrumb\"},\"inLanguage\":\"es\",\"potentialAction\":[{\"@type\":\"ReadAction\",\"target\":[\"https:\\\/\\\/estremsdesign.com\\\/new\\\/diseno-grafico-mataro\\\/proyectos-branding\\\/proyecto-branding-la-cornisa\\\/\"]}]},{\"@type\":\"ImageObject\",\"inLanguage\":\"es\",\"@id\":\"https:\\\/\\\/estremsdesign.com\\\/new\\\/diseno-grafico-mataro\\\/proyectos-branding\\\/proyecto-branding-la-cornisa\\\/#primaryimage\",\"url\":\"https:\\\/\\\/estremsdesign.com\\\/new\\\/wp-content\\\/uploads\\\/2024\\\/07\\\/LOGOCORNISA-copia-2.jpg\",\"contentUrl\":\"https:\\\/\\\/estremsdesign.com\\\/new\\\/wp-content\\\/uploads\\\/2024\\\/07\\\/LOGOCORNISA-copia-2.jpg\",\"width\":1844,\"height\":1253},{\"@type\":\"BreadcrumbList\",\"@id\":\"https:\\\/\\\/estremsdesign.com\\\/new\\\/diseno-grafico-mataro\\\/proyectos-branding\\\/proyecto-branding-la-cornisa\\\/#breadcrumb\",\"itemListElement\":[{\"@type\":\"ListItem\",\"position\":1,\"name\":\"Portada\",\"item\":\"https:\\\/\\\/estremsdesign.com\\\/new\\\/\"},{\"@type\":\"ListItem\",\"position\":2,\"name\":\"Dise\u00f1o Gr\u00e1fico\",\"item\":\"https:\\\/\\\/estremsdesign.com\\\/new\\\/diseno-grafico-mataro\\\/\"},{\"@type\":\"ListItem\",\"position\":3,\"name\":\"Proyectos Branding\",\"item\":\"https:\\\/\\\/estremsdesign.com\\\/new\\\/diseno-grafico-mataro\\\/proyectos-branding\\\/\"},{\"@type\":\"ListItem\",\"position\":4,\"name\":\"Proyecto Branding La Cornisa\"}]},{\"@type\":\"WebSite\",\"@id\":\"https:\\\/\\\/estremsdesign.com\\\/new\\\/#website\",\"url\":\"https:\\\/\\\/estremsdesign.com\\\/new\\\/\",\"name\":\"EstremsDesign\",\"description\":\"Fotograf\u00eda y Dise\u00f1o Gr\u00e1fico en Matar\u00f3\",\"publisher\":{\"@id\":\"https:\\\/\\\/estremsdesign.com\\\/new\\\/#organization\"},\"potentialAction\":[{\"@type\":\"SearchAction\",\"target\":{\"@type\":\"EntryPoint\",\"urlTemplate\":\"https:\\\/\\\/estremsdesign.com\\\/new\\\/?s={search_term_string}\"},\"query-input\":{\"@type\":\"PropertyValueSpecification\",\"valueRequired\":true,\"valueName\":\"search_term_string\"}}],\"inLanguage\":\"es\"},{\"@type\":\"Organization\",\"@id\":\"https:\\\/\\\/estremsdesign.com\\\/new\\\/#organization\",\"name\":\"EstremsDesign\",\"url\":\"https:\\\/\\\/estremsdesign.com\\\/new\\\/\",\"logo\":{\"@type\":\"ImageObject\",\"inLanguage\":\"es\",\"@id\":\"https:\\\/\\\/estremsdesign.com\\\/new\\\/#\\\/schema\\\/logo\\\/image\\\/\",\"url\":\"https:\\\/\\\/estremsdesign.com\\\/new\\\/wp-content\\\/uploads\\\/2022\\\/04\\\/logobeige_menuweb.png\",\"contentUrl\":\"https:\\\/\\\/estremsdesign.com\\\/new\\\/wp-content\\\/uploads\\\/2022\\\/04\\\/logobeige_menuweb.png\",\"width\":2312,\"height\":1107,\"caption\":\"EstremsDesign\"},\"image\":{\"@id\":\"https:\\\/\\\/estremsdesign.com\\\/new\\\/#\\\/schema\\\/logo\\\/image\\\/\"}}]}<\/script>\n<!-- \/ Yoast SEO plugin. -->","yoast_head_json":{"title":"Proyecto Branding La Cornisa - EstremsDesign","robots":{"index":"index","follow":"follow","max-snippet":"max-snippet:-1","max-image-preview":"max-image-preview:large","max-video-preview":"max-video-preview:-1"},"canonical":"https:\/\/estremsdesign.com\/new\/diseno-grafico-mataro\/proyectos-branding\/proyecto-branding-la-cornisa\/","og_locale":"es_ES","og_type":"article","og_title":"Proyecto Branding La Cornisa - EstremsDesign","og_description":"La Cornisa Dise\u00f1o del Logotipo y del manual de estilo para la Urbanizaci\u00f3n La Cornisa de Matar\u00f3 Volver a proyectos branding si lo puedes imaginar, lo puedo dise\u00f1ar Contacta \u27f6","og_url":"https:\/\/estremsdesign.com\/new\/diseno-grafico-mataro\/proyectos-branding\/proyecto-branding-la-cornisa\/","og_site_name":"EstremsDesign","article_modified_time":"2026-02-02T20:55:32+00:00","og_image":[{"width":1844,"height":1253,"url":"https:\/\/estremsdesign.com\/new\/wp-content\/uploads\/2024\/07\/LOGOCORNISA-copia-2.jpg","type":"image\/jpeg"}],"twitter_card":"summary_large_image","schema":{"@context":"https:\/\/schema.org","@graph":[{"@type":"WebPage","@id":"https:\/\/estremsdesign.com\/new\/diseno-grafico-mataro\/proyectos-branding\/proyecto-branding-la-cornisa\/","url":"https:\/\/estremsdesign.com\/new\/diseno-grafico-mataro\/proyectos-branding\/proyecto-branding-la-cornisa\/","name":"Proyecto Branding La Cornisa - EstremsDesign","isPartOf":{"@id":"https:\/\/estremsdesign.com\/new\/#website"},"primaryImageOfPage":{"@id":"https:\/\/estremsdesign.com\/new\/diseno-grafico-mataro\/proyectos-branding\/proyecto-branding-la-cornisa\/#primaryimage"},"image":{"@id":"https:\/\/estremsdesign.com\/new\/diseno-grafico-mataro\/proyectos-branding\/proyecto-branding-la-cornisa\/#primaryimage"},"thumbnailUrl":"https:\/\/estremsdesign.com\/new\/wp-content\/uploads\/2024\/07\/LOGOCORNISA-copia-2-1024x696.jpg","datePublished":"2024-07-22T13:30:01+00:00","dateModified":"2026-02-02T20:55:32+00:00","breadcrumb":{"@id":"https:\/\/estremsdesign.com\/new\/diseno-grafico-mataro\/proyectos-branding\/proyecto-branding-la-cornisa\/#breadcrumb"},"inLanguage":"es","potentialAction":[{"@type":"ReadAction","target":["https:\/\/estremsdesign.com\/new\/diseno-grafico-mataro\/proyectos-branding\/proyecto-branding-la-cornisa\/"]}]},{"@type":"ImageObject","inLanguage":"es","@id":"https:\/\/estremsdesign.com\/new\/diseno-grafico-mataro\/proyectos-branding\/proyecto-branding-la-cornisa\/#primaryimage","url":"https:\/\/estremsdesign.com\/new\/wp-content\/uploads\/2024\/07\/LOGOCORNISA-copia-2.jpg","contentUrl":"https:\/\/estremsdesign.com\/new\/wp-content\/uploads\/2024\/07\/LOGOCORNISA-copia-2.jpg","width":1844,"height":1253},{"@type":"BreadcrumbList","@id":"https:\/\/estremsdesign.com\/new\/diseno-grafico-mataro\/proyectos-branding\/proyecto-branding-la-cornisa\/#breadcrumb","itemListElement":[{"@type":"ListItem","position":1,"name":"Portada","item":"https:\/\/estremsdesign.com\/new\/"},{"@type":"ListItem","position":2,"name":"Dise\u00f1o Gr\u00e1fico","item":"https:\/\/estremsdesign.com\/new\/diseno-grafico-mataro\/"},{"@type":"ListItem","position":3,"name":"Proyectos Branding","item":"https:\/\/estremsdesign.com\/new\/diseno-grafico-mataro\/proyectos-branding\/"},{"@type":"ListItem","position":4,"name":"Proyecto Branding La Cornisa"}]},{"@type":"WebSite","@id":"https:\/\/estremsdesign.com\/new\/#website","url":"https:\/\/estremsdesign.com\/new\/","name":"EstremsDesign","description":"Fotograf\u00eda y Dise\u00f1o Gr\u00e1fico en Matar\u00f3","publisher":{"@id":"https:\/\/estremsdesign.com\/new\/#organization"},"potentialAction":[{"@type":"SearchAction","target":{"@type":"EntryPoint","urlTemplate":"https:\/\/estremsdesign.com\/new\/?s={search_term_string}"},"query-input":{"@type":"PropertyValueSpecification","valueRequired":true,"valueName":"search_term_string"}}],"inLanguage":"es"},{"@type":"Organization","@id":"https:\/\/estremsdesign.com\/new\/#organization","name":"EstremsDesign","url":"https:\/\/estremsdesign.com\/new\/","logo":{"@type":"ImageObject","inLanguage":"es","@id":"https:\/\/estremsdesign.com\/new\/#\/schema\/logo\/image\/","url":"https:\/\/estremsdesign.com\/new\/wp-content\/uploads\/2022\/04\/logobeige_menuweb.png","contentUrl":"https:\/\/estremsdesign.com\/new\/wp-content\/uploads\/2022\/04\/logobeige_menuweb.png","width":2312,"height":1107,"caption":"EstremsDesign"},"image":{"@id":"https:\/\/estremsdesign.com\/new\/#\/schema\/logo\/image\/"}}]}},"_links":{"self":[{"href":"https:\/\/estremsdesign.com\/new\/wp-json\/wp\/v2\/pages\/3480","targetHints":{"allow":["GET"]}}],"collection":[{"href":"https:\/\/estremsdesign.com\/new\/wp-json\/wp\/v2\/pages"}],"about":[{"href":"https:\/\/estremsdesign.com\/new\/wp-json\/wp\/v2\/types\/page"}],"author":[{"embeddable":true,"href":"https:\/\/estremsdesign.com\/new\/wp-json\/wp\/v2\/users\/1"}],"replies":[{"embeddable":true,"href":"https:\/\/estremsdesign.com\/new\/wp-json\/wp\/v2\/comments?post=3480"}],"version-history":[{"count":31,"href":"https:\/\/estremsdesign.com\/new\/wp-json\/wp\/v2\/pages\/3480\/revisions"}],"predecessor-version":[{"id":4956,"href":"https:\/\/estremsdesign.com\/new\/wp-json\/wp\/v2\/pages\/3480\/revisions\/4956"}],"up":[{"embeddable":true,"href":"https:\/\/estremsdesign.com\/new\/wp-json\/wp\/v2\/pages\/3410"}],"wp:attachment":[{"href":"https:\/\/estremsdesign.com\/new\/wp-json\/wp\/v2\/media?parent=3480"}],"curies":[{"name":"wp","href":"https:\/\/api.w.org\/{rel}","templated":true}]}}