{"id":3478,"date":"2024-07-22T13:29:43","date_gmt":"2024-07-22T13:29:43","guid":{"rendered":"https:\/\/estremsdesign.com\/new\/?page_id=3478"},"modified":"2026-02-02T20:56:39","modified_gmt":"2026-02-02T20:56:39","slug":"proyecto-branding-espai-lou","status":"publish","type":"page","link":"https:\/\/estremsdesign.com\/new\/diseno-grafico-mataro\/proyectos-branding\/proyecto-branding-espai-lou\/","title":{"rendered":"Proyecto Branding Espai l&#8217;Ou"},"content":{"rendered":"\t\t<div data-elementor-type=\"wp-page\" data-elementor-id=\"3478\" class=\"elementor elementor-3478\" data-elementor-post-type=\"page\">\n\t\t\t\t\t\t<section class=\"elementor-section elementor-top-section elementor-element elementor-element-d9014b3 elementor-section-full_width elementor-section-height-default elementor-section-height-default\" data-id=\"d9014b3\" data-element_type=\"section\" data-e-type=\"section\">\n\t\t\t\t\t\t<div class=\"elementor-container elementor-column-gap-default\">\n\t\t\t\t\t<div class=\"elementor-column elementor-col-100 elementor-top-column elementor-element elementor-element-725f969\" data-id=\"725f969\" data-element_type=\"column\" data-e-type=\"column\">\n\t\t\t<div class=\"elementor-widget-wrap elementor-element-populated\">\n\t\t\t\t\t\t<div class=\"elementor-element elementor-element-c9da85a elementor-headline--style-highlight elementor-widget elementor-widget-animated-headline\" data-id=\"c9da85a\" data-element_type=\"widget\" data-e-type=\"widget\" data-settings=\"{&quot;marker&quot;:&quot;underline&quot;,&quot;highlighted_text&quot;:&quot;espai l&#039;ou&quot;,&quot;headline_style&quot;:&quot;highlight&quot;,&quot;loop&quot;:&quot;yes&quot;,&quot;highlight_animation_duration&quot;:1200,&quot;highlight_iteration_delay&quot;:8000}\" data-widget_type=\"animated-headline.default\">\n\t\t\t\t<div class=\"elementor-widget-container\">\n\t\t\t\t\t\t\t<h2 class=\"elementor-headline\">\n\t\t\t\t<span class=\"elementor-headline-dynamic-wrapper elementor-headline-text-wrapper\">\n\t\t\t\t\t<span class=\"elementor-headline-dynamic-text elementor-headline-text-active\">espai l'ou<\/span>\n\t\t\t\t<\/span>\n\t\t\t\t<\/h2>\n\t\t\t\t\t\t<\/div>\n\t\t\t\t<\/div>\n\t\t\t\t<div class=\"elementor-element elementor-element-67a9be5 elementor-widget elementor-widget-spacer\" data-id=\"67a9be5\" data-element_type=\"widget\" data-e-type=\"widget\" data-widget_type=\"spacer.default\">\n\t\t\t\t<div class=\"elementor-widget-container\">\n\t\t\t\t\t\t\t<div class=\"elementor-spacer\">\n\t\t\t<div class=\"elementor-spacer-inner\"><\/div>\n\t\t<\/div>\n\t\t\t\t\t\t<\/div>\n\t\t\t\t<\/div>\n\t\t\t\t<div class=\"elementor-element elementor-element-633dedf elementor-widget elementor-widget-text-editor\" data-id=\"633dedf\" data-element_type=\"widget\" data-e-type=\"widget\" data-widget_type=\"text-editor.default\">\n\t\t\t\t<div class=\"elementor-widget-container\">\n\t\t\t\t\t\t\t\t\t<p>Dise\u00f1o de Logotipo y merchandising para el Coworking Espai L&#8217;ou<\/p>\t\t\t\t\t\t\t\t<\/div>\n\t\t\t\t<\/div>\n\t\t\t\t<div class=\"elementor-element elementor-element-49786e2 elementor-widget elementor-widget-spacer\" data-id=\"49786e2\" data-element_type=\"widget\" data-e-type=\"widget\" data-widget_type=\"spacer.default\">\n\t\t\t\t<div class=\"elementor-widget-container\">\n\t\t\t\t\t\t\t<div class=\"elementor-spacer\">\n\t\t\t<div class=\"elementor-spacer-inner\"><\/div>\n\t\t<\/div>\n\t\t\t\t\t\t<\/div>\n\t\t\t\t<\/div>\n\t\t\t\t<div class=\"elementor-element elementor-element-bee903c elementor-widget elementor-widget-gallery\" data-id=\"bee903c\" data-element_type=\"widget\" data-e-type=\"widget\" data-settings=\"{&quot;gallery_layout&quot;:&quot;masonry&quot;,&quot;columns&quot;:3,&quot;gap&quot;:{&quot;unit&quot;:&quot;px&quot;,&quot;size&quot;:9,&quot;sizes&quot;:[]},&quot;image_hover_animation&quot;:&quot;shrink-contained&quot;,&quot;lazyload&quot;:&quot;yes&quot;,&quot;columns_tablet&quot;:2,&quot;columns_mobile&quot;:1,&quot;gap_widescreen&quot;:{&quot;unit&quot;:&quot;px&quot;,&quot;size&quot;:&quot;&quot;,&quot;sizes&quot;:[]},&quot;gap_tablet&quot;:{&quot;unit&quot;:&quot;px&quot;,&quot;size&quot;:10,&quot;sizes&quot;:[]},&quot;gap_mobile&quot;:{&quot;unit&quot;:&quot;px&quot;,&quot;size&quot;:10,&quot;sizes&quot;:[]},&quot;link_to&quot;:&quot;file&quot;,&quot;content_hover_animation&quot;:&quot;fade-in&quot;}\" data-widget_type=\"gallery.default\">\n\t\t\t\t<div class=\"elementor-widget-container\">\n\t\t\t\t\t\t\t<div class=\"elementor-gallery__container\">\n\t\t\t\t\t\t\t<a class=\"e-gallery-item elementor-gallery-item elementor-animated-content\" href=\"https:\/\/estremsdesign.com\/new\/wp-content\/uploads\/2024\/07\/1721749479966.jpg\" data-elementor-open-lightbox=\"yes\" data-elementor-lightbox-slideshow=\"bee903c\" data-e-action-hash=\"#elementor-action%3Aaction%3Dlightbox%26settings%3DeyJpZCI6Mzc3MiwidXJsIjoiaHR0cHM6XC9cL2VzdHJlbXNkZXNpZ24uY29tXC9uZXdcL3dwLWNvbnRlbnRcL3VwbG9hZHNcLzIwMjRcLzA3XC8xNzIxNzQ5NDc5OTY2LmpwZyIsInNsaWRlc2hvdyI6ImJlZTkwM2MifQ%3D%3D\">\n\t\t\t\t\t<div class=\"e-gallery-image elementor-gallery-item__image\" data-thumbnail=\"https:\/\/estremsdesign.com\/new\/wp-content\/uploads\/2024\/07\/1721749479966.jpg\" data-width=\"1200\" data-height=\"1600\" aria-label=\"\" role=\"img\" ><\/div>\n\t\t\t\t\t\t\t\t\t\t\t\t\t\t<\/a>\n\t\t\t\t\t\t\t<a class=\"e-gallery-item elementor-gallery-item elementor-animated-content\" href=\"https:\/\/estremsdesign.com\/new\/wp-content\/uploads\/2024\/07\/1721749479887-e1721822597394.jpg\" data-elementor-open-lightbox=\"yes\" data-elementor-lightbox-slideshow=\"bee903c\" data-e-action-hash=\"#elementor-action%3Aaction%3Dlightbox%26settings%3DeyJpZCI6Mzc3NSwidXJsIjoiaHR0cHM6XC9cL2VzdHJlbXNkZXNpZ24uY29tXC9uZXdcL3dwLWNvbnRlbnRcL3VwbG9hZHNcLzIwMjRcLzA3XC8xNzIxNzQ5NDc5ODg3LWUxNzIxODIyNTk3Mzk0LmpwZyIsInNsaWRlc2hvdyI6ImJlZTkwM2MifQ%3D%3D\">\n\t\t\t\t\t<div class=\"e-gallery-image elementor-gallery-item__image\" data-thumbnail=\"https:\/\/estremsdesign.com\/new\/wp-content\/uploads\/2024\/07\/1721749479887-e1721822597394.jpg\" data-width=\"1600\" data-height=\"1200\" aria-label=\"\" role=\"img\" ><\/div>\n\t\t\t\t\t\t\t\t\t\t\t\t\t\t<\/a>\n\t\t\t\t\t\t\t<a class=\"e-gallery-item elementor-gallery-item elementor-animated-content\" href=\"https:\/\/estremsdesign.com\/new\/wp-content\/uploads\/2024\/07\/1721749479926.jpg\" data-elementor-open-lightbox=\"yes\" data-elementor-lightbox-slideshow=\"bee903c\" data-e-action-hash=\"#elementor-action%3Aaction%3Dlightbox%26settings%3DeyJpZCI6Mzc3MCwidXJsIjoiaHR0cHM6XC9cL2VzdHJlbXNkZXNpZ24uY29tXC9uZXdcL3dwLWNvbnRlbnRcL3VwbG9hZHNcLzIwMjRcLzA3XC8xNzIxNzQ5NDc5OTI2LmpwZyIsInNsaWRlc2hvdyI6ImJlZTkwM2MifQ%3D%3D\">\n\t\t\t\t\t<div class=\"e-gallery-image elementor-gallery-item__image\" data-thumbnail=\"https:\/\/estremsdesign.com\/new\/wp-content\/uploads\/2024\/07\/1721749479926.jpg\" data-width=\"1200\" data-height=\"1600\" aria-label=\"\" role=\"img\" ><\/div>\n\t\t\t\t\t\t\t\t\t\t\t\t\t\t<\/a>\n\t\t\t\t\t\t\t<a class=\"e-gallery-item elementor-gallery-item elementor-animated-content\" href=\"https:\/\/estremsdesign.com\/new\/wp-content\/uploads\/2024\/07\/1721749479907-e1721822492500.jpg\" data-elementor-open-lightbox=\"yes\" data-elementor-lightbox-slideshow=\"bee903c\" data-e-action-hash=\"#elementor-action%3Aaction%3Dlightbox%26settings%3DeyJpZCI6Mzc3NiwidXJsIjoiaHR0cHM6XC9cL2VzdHJlbXNkZXNpZ24uY29tXC9uZXdcL3dwLWNvbnRlbnRcL3VwbG9hZHNcLzIwMjRcLzA3XC8xNzIxNzQ5NDc5OTA3LWUxNzIxODIyNDkyNTAwLmpwZyIsInNsaWRlc2hvdyI6ImJlZTkwM2MifQ%3D%3D\">\n\t\t\t\t\t<div class=\"e-gallery-image elementor-gallery-item__image\" data-thumbnail=\"https:\/\/estremsdesign.com\/new\/wp-content\/uploads\/2024\/07\/1721749479907-e1721822492500.jpg\" data-width=\"1600\" data-height=\"1200\" aria-label=\"\" role=\"img\" ><\/div>\n\t\t\t\t\t\t\t\t\t\t\t\t\t\t<\/a>\n\t\t\t\t\t<\/div>\n\t\t\t\t\t<\/div>\n\t\t\t\t<\/div>\n\t\t\t\t\t<\/div>\n\t\t<\/div>\n\t\t\t\t\t<\/div>\n\t\t<\/section>\n\t\t\t\t<section class=\"elementor-section elementor-top-section elementor-element elementor-element-b59a683 elementor-section-content-middle elementor-section-boxed elementor-section-height-default elementor-section-height-default\" data-id=\"b59a683\" data-element_type=\"section\" data-e-type=\"section\">\n\t\t\t\t\t\t<div class=\"elementor-container elementor-column-gap-default\">\n\t\t\t\t\t<div class=\"elementor-column elementor-col-100 elementor-top-column elementor-element elementor-element-ede8396\" data-id=\"ede8396\" data-element_type=\"column\" data-e-type=\"column\">\n\t\t\t<div class=\"elementor-widget-wrap elementor-element-populated\">\n\t\t\t\t\t\t<div class=\"elementor-element elementor-element-4a0ad8d elementor-align-center elementor-widget elementor-widget-button\" data-id=\"4a0ad8d\" data-element_type=\"widget\" data-e-type=\"widget\" data-widget_type=\"button.default\">\n\t\t\t\t<div class=\"elementor-widget-container\">\n\t\t\t\t\t\t\t\t\t<div class=\"elementor-button-wrapper\">\n\t\t\t\t\t<a class=\"elementor-button elementor-button-link elementor-size-sm\" href=\"https:\/\/estremsdesign.com\/new\/diseno-grafico-mataro\/proyectos-branding\/\">\n\t\t\t\t\t\t<span class=\"elementor-button-content-wrapper\">\n\t\t\t\t\t\t\t\t\t<span class=\"elementor-button-text\">Volver a proyectos branding<\/span>\n\t\t\t\t\t<\/span>\n\t\t\t\t\t<\/a>\n\t\t\t\t<\/div>\n\t\t\t\t\t\t\t\t<\/div>\n\t\t\t\t<\/div>\n\t\t\t\t\t<\/div>\n\t\t<\/div>\n\t\t\t\t\t<\/div>\n\t\t<\/section>\n\t\t\t\t<section class=\"elementor-section elementor-top-section elementor-element elementor-element-4648211 elementor-section-height-min-height elementor-section-full_width elementor-section-items-stretch elementor-section-content-middle elementor-section-height-default\" data-id=\"4648211\" data-element_type=\"section\" data-e-type=\"section\" data-settings=\"{&quot;background_background&quot;:&quot;classic&quot;}\">\n\t\t\t\t\t\t<div class=\"elementor-container elementor-column-gap-no\">\n\t\t\t\t\t<div class=\"elementor-column elementor-col-50 elementor-top-column elementor-element elementor-element-5599abd\" data-id=\"5599abd\" data-element_type=\"column\" data-e-type=\"column\">\n\t\t\t<div class=\"elementor-widget-wrap elementor-element-populated\">\n\t\t\t\t\t\t<div class=\"elementor-element elementor-element-ec76bbb elementor-widget elementor-widget-global elementor-global-3565 elementor-widget-text-editor\" data-id=\"ec76bbb\" data-element_type=\"widget\" data-e-type=\"widget\" data-widget_type=\"text-editor.default\">\n\t\t\t\t<div class=\"elementor-widget-container\">\n\t\t\t\t\t\t\t\t\t<p>si lo puedes imaginar,<\/p><p>lo puedo dise\u00f1ar<\/p>\t\t\t\t\t\t\t\t<\/div>\n\t\t\t\t<\/div>\n\t\t\t\t<div class=\"elementor-element elementor-element-d6be347 elementor-align-center elementor-widget elementor-widget-button\" data-id=\"d6be347\" data-element_type=\"widget\" data-e-type=\"widget\" data-widget_type=\"button.default\">\n\t\t\t\t<div class=\"elementor-widget-container\">\n\t\t\t\t\t\t\t\t\t<div class=\"elementor-button-wrapper\">\n\t\t\t\t\t<a class=\"elementor-button elementor-button-link elementor-size-sm elementor-animation-hang\" href=\"https:\/\/estremsdesign.com\/new\/contacto\/\">\n\t\t\t\t\t\t<span class=\"elementor-button-content-wrapper\">\n\t\t\t\t\t\t\t\t\t<span class=\"elementor-button-text\">Contacta \u27f6<\/span>\n\t\t\t\t\t<\/span>\n\t\t\t\t\t<\/a>\n\t\t\t\t<\/div>\n\t\t\t\t\t\t\t\t<\/div>\n\t\t\t\t<\/div>\n\t\t\t\t\t<\/div>\n\t\t<\/div>\n\t\t\t\t<div class=\"elementor-column elementor-col-50 elementor-top-column elementor-element elementor-element-09b893c\" data-id=\"09b893c\" data-element_type=\"column\" data-e-type=\"column\" data-settings=\"{&quot;background_background&quot;:&quot;classic&quot;}\">\n\t\t\t<div class=\"elementor-widget-wrap elementor-element-populated\">\n\t\t\t\t\t\t<div class=\"elementor-element elementor-element-7834c98 elementor-widget elementor-widget-spacer\" data-id=\"7834c98\" data-element_type=\"widget\" data-e-type=\"widget\" data-widget_type=\"spacer.default\">\n\t\t\t\t<div class=\"elementor-widget-container\">\n\t\t\t\t\t\t\t<div class=\"elementor-spacer\">\n\t\t\t<div class=\"elementor-spacer-inner\"><\/div>\n\t\t<\/div>\n\t\t\t\t\t\t<\/div>\n\t\t\t\t<\/div>\n\t\t\t\t\t<\/div>\n\t\t<\/div>\n\t\t\t\t\t<\/div>\n\t\t<\/section>\n\t\t\t\t<\/div>\n\t\t","protected":false},"excerpt":{"rendered":"<p>espai l&#8217;ou Dise\u00f1o de Logotipo y merchandising para el Coworking Espai L&#8217;ou Volver a proyectos branding si lo puedes imaginar, lo puedo dise\u00f1ar Contacta \u27f6<\/p>\n","protected":false},"author":1,"featured_media":0,"parent":3410,"menu_order":0,"comment_status":"closed","ping_status":"closed","template":"","meta":{"_monsterinsights_skip_tracking":false,"_monsterinsights_sitenote_active":false,"_monsterinsights_sitenote_note":"","_monsterinsights_sitenote_category":0,"_vp_format_video_url":"","_vp_image_focal_point":[],"footnotes":""},"class_list":["post-3478","page","type-page","status-publish","hentry"],"yoast_head":"<!-- This site is optimized with the Yoast SEO plugin v27.5 - https:\/\/yoast.com\/product\/yoast-seo-wordpress\/ -->\n<title>Proyecto Branding Espai l&#039;Ou - EstremsDesign<\/title>\n<meta name=\"robots\" content=\"index, follow, max-snippet:-1, max-image-preview:large, max-video-preview:-1\" \/>\n<link rel=\"canonical\" href=\"https:\/\/estremsdesign.com\/new\/diseno-grafico-mataro\/proyectos-branding\/proyecto-branding-espai-lou\/\" \/>\n<meta property=\"og:locale\" content=\"es_ES\" \/>\n<meta property=\"og:type\" content=\"article\" \/>\n<meta property=\"og:title\" content=\"Proyecto Branding Espai l&#039;Ou - EstremsDesign\" \/>\n<meta property=\"og:description\" content=\"espai l&#8217;ou Dise\u00f1o de Logotipo y merchandising para el Coworking Espai L&#8217;ou Volver a proyectos branding si lo puedes imaginar, lo puedo dise\u00f1ar Contacta \u27f6\" \/>\n<meta property=\"og:url\" content=\"https:\/\/estremsdesign.com\/new\/diseno-grafico-mataro\/proyectos-branding\/proyecto-branding-espai-lou\/\" \/>\n<meta property=\"og:site_name\" content=\"EstremsDesign\" \/>\n<meta property=\"article:modified_time\" content=\"2026-02-02T20:56:39+00:00\" \/>\n<meta name=\"twitter:card\" content=\"summary_large_image\" \/>\n<script type=\"application\/ld+json\" class=\"yoast-schema-graph\">{\"@context\":\"https:\\\/\\\/schema.org\",\"@graph\":[{\"@type\":\"WebPage\",\"@id\":\"https:\\\/\\\/estremsdesign.com\\\/new\\\/diseno-grafico-mataro\\\/proyectos-branding\\\/proyecto-branding-espai-lou\\\/\",\"url\":\"https:\\\/\\\/estremsdesign.com\\\/new\\\/diseno-grafico-mataro\\\/proyectos-branding\\\/proyecto-branding-espai-lou\\\/\",\"name\":\"Proyecto Branding Espai l'Ou - EstremsDesign\",\"isPartOf\":{\"@id\":\"https:\\\/\\\/estremsdesign.com\\\/new\\\/#website\"},\"datePublished\":\"2024-07-22T13:29:43+00:00\",\"dateModified\":\"2026-02-02T20:56:39+00:00\",\"breadcrumb\":{\"@id\":\"https:\\\/\\\/estremsdesign.com\\\/new\\\/diseno-grafico-mataro\\\/proyectos-branding\\\/proyecto-branding-espai-lou\\\/#breadcrumb\"},\"inLanguage\":\"es\",\"potentialAction\":[{\"@type\":\"ReadAction\",\"target\":[\"https:\\\/\\\/estremsdesign.com\\\/new\\\/diseno-grafico-mataro\\\/proyectos-branding\\\/proyecto-branding-espai-lou\\\/\"]}]},{\"@type\":\"BreadcrumbList\",\"@id\":\"https:\\\/\\\/estremsdesign.com\\\/new\\\/diseno-grafico-mataro\\\/proyectos-branding\\\/proyecto-branding-espai-lou\\\/#breadcrumb\",\"itemListElement\":[{\"@type\":\"ListItem\",\"position\":1,\"name\":\"Portada\",\"item\":\"https:\\\/\\\/estremsdesign.com\\\/new\\\/\"},{\"@type\":\"ListItem\",\"position\":2,\"name\":\"Dise\u00f1o Gr\u00e1fico\",\"item\":\"https:\\\/\\\/estremsdesign.com\\\/new\\\/diseno-grafico-mataro\\\/\"},{\"@type\":\"ListItem\",\"position\":3,\"name\":\"Proyectos Branding\",\"item\":\"https:\\\/\\\/estremsdesign.com\\\/new\\\/diseno-grafico-mataro\\\/proyectos-branding\\\/\"},{\"@type\":\"ListItem\",\"position\":4,\"name\":\"Proyecto Branding Espai l&#8217;Ou\"}]},{\"@type\":\"WebSite\",\"@id\":\"https:\\\/\\\/estremsdesign.com\\\/new\\\/#website\",\"url\":\"https:\\\/\\\/estremsdesign.com\\\/new\\\/\",\"name\":\"EstremsDesign\",\"description\":\"Fotograf\u00eda y Dise\u00f1o Gr\u00e1fico en Matar\u00f3\",\"publisher\":{\"@id\":\"https:\\\/\\\/estremsdesign.com\\\/new\\\/#organization\"},\"potentialAction\":[{\"@type\":\"SearchAction\",\"target\":{\"@type\":\"EntryPoint\",\"urlTemplate\":\"https:\\\/\\\/estremsdesign.com\\\/new\\\/?s={search_term_string}\"},\"query-input\":{\"@type\":\"PropertyValueSpecification\",\"valueRequired\":true,\"valueName\":\"search_term_string\"}}],\"inLanguage\":\"es\"},{\"@type\":\"Organization\",\"@id\":\"https:\\\/\\\/estremsdesign.com\\\/new\\\/#organization\",\"name\":\"EstremsDesign\",\"url\":\"https:\\\/\\\/estremsdesign.com\\\/new\\\/\",\"logo\":{\"@type\":\"ImageObject\",\"inLanguage\":\"es\",\"@id\":\"https:\\\/\\\/estremsdesign.com\\\/new\\\/#\\\/schema\\\/logo\\\/image\\\/\",\"url\":\"https:\\\/\\\/estremsdesign.com\\\/new\\\/wp-content\\\/uploads\\\/2022\\\/04\\\/logobeige_menuweb.png\",\"contentUrl\":\"https:\\\/\\\/estremsdesign.com\\\/new\\\/wp-content\\\/uploads\\\/2022\\\/04\\\/logobeige_menuweb.png\",\"width\":2312,\"height\":1107,\"caption\":\"EstremsDesign\"},\"image\":{\"@id\":\"https:\\\/\\\/estremsdesign.com\\\/new\\\/#\\\/schema\\\/logo\\\/image\\\/\"}}]}<\/script>\n<!-- \/ Yoast SEO plugin. -->","yoast_head_json":{"title":"Proyecto Branding Espai l'Ou - EstremsDesign","robots":{"index":"index","follow":"follow","max-snippet":"max-snippet:-1","max-image-preview":"max-image-preview:large","max-video-preview":"max-video-preview:-1"},"canonical":"https:\/\/estremsdesign.com\/new\/diseno-grafico-mataro\/proyectos-branding\/proyecto-branding-espai-lou\/","og_locale":"es_ES","og_type":"article","og_title":"Proyecto Branding Espai l'Ou - EstremsDesign","og_description":"espai l&#8217;ou Dise\u00f1o de Logotipo y merchandising para el Coworking Espai L&#8217;ou Volver a proyectos branding si lo puedes imaginar, lo puedo dise\u00f1ar Contacta \u27f6","og_url":"https:\/\/estremsdesign.com\/new\/diseno-grafico-mataro\/proyectos-branding\/proyecto-branding-espai-lou\/","og_site_name":"EstremsDesign","article_modified_time":"2026-02-02T20:56:39+00:00","twitter_card":"summary_large_image","schema":{"@context":"https:\/\/schema.org","@graph":[{"@type":"WebPage","@id":"https:\/\/estremsdesign.com\/new\/diseno-grafico-mataro\/proyectos-branding\/proyecto-branding-espai-lou\/","url":"https:\/\/estremsdesign.com\/new\/diseno-grafico-mataro\/proyectos-branding\/proyecto-branding-espai-lou\/","name":"Proyecto Branding Espai l'Ou - EstremsDesign","isPartOf":{"@id":"https:\/\/estremsdesign.com\/new\/#website"},"datePublished":"2024-07-22T13:29:43+00:00","dateModified":"2026-02-02T20:56:39+00:00","breadcrumb":{"@id":"https:\/\/estremsdesign.com\/new\/diseno-grafico-mataro\/proyectos-branding\/proyecto-branding-espai-lou\/#breadcrumb"},"inLanguage":"es","potentialAction":[{"@type":"ReadAction","target":["https:\/\/estremsdesign.com\/new\/diseno-grafico-mataro\/proyectos-branding\/proyecto-branding-espai-lou\/"]}]},{"@type":"BreadcrumbList","@id":"https:\/\/estremsdesign.com\/new\/diseno-grafico-mataro\/proyectos-branding\/proyecto-branding-espai-lou\/#breadcrumb","itemListElement":[{"@type":"ListItem","position":1,"name":"Portada","item":"https:\/\/estremsdesign.com\/new\/"},{"@type":"ListItem","position":2,"name":"Dise\u00f1o Gr\u00e1fico","item":"https:\/\/estremsdesign.com\/new\/diseno-grafico-mataro\/"},{"@type":"ListItem","position":3,"name":"Proyectos Branding","item":"https:\/\/estremsdesign.com\/new\/diseno-grafico-mataro\/proyectos-branding\/"},{"@type":"ListItem","position":4,"name":"Proyecto Branding Espai l&#8217;Ou"}]},{"@type":"WebSite","@id":"https:\/\/estremsdesign.com\/new\/#website","url":"https:\/\/estremsdesign.com\/new\/","name":"EstremsDesign","description":"Fotograf\u00eda y Dise\u00f1o Gr\u00e1fico en Matar\u00f3","publisher":{"@id":"https:\/\/estremsdesign.com\/new\/#organization"},"potentialAction":[{"@type":"SearchAction","target":{"@type":"EntryPoint","urlTemplate":"https:\/\/estremsdesign.com\/new\/?s={search_term_string}"},"query-input":{"@type":"PropertyValueSpecification","valueRequired":true,"valueName":"search_term_string"}}],"inLanguage":"es"},{"@type":"Organization","@id":"https:\/\/estremsdesign.com\/new\/#organization","name":"EstremsDesign","url":"https:\/\/estremsdesign.com\/new\/","logo":{"@type":"ImageObject","inLanguage":"es","@id":"https:\/\/estremsdesign.com\/new\/#\/schema\/logo\/image\/","url":"https:\/\/estremsdesign.com\/new\/wp-content\/uploads\/2022\/04\/logobeige_menuweb.png","contentUrl":"https:\/\/estremsdesign.com\/new\/wp-content\/uploads\/2022\/04\/logobeige_menuweb.png","width":2312,"height":1107,"caption":"EstremsDesign"},"image":{"@id":"https:\/\/estremsdesign.com\/new\/#\/schema\/logo\/image\/"}}]}},"_links":{"self":[{"href":"https:\/\/estremsdesign.com\/new\/wp-json\/wp\/v2\/pages\/3478","targetHints":{"allow":["GET"]}}],"collection":[{"href":"https:\/\/estremsdesign.com\/new\/wp-json\/wp\/v2\/pages"}],"about":[{"href":"https:\/\/estremsdesign.com\/new\/wp-json\/wp\/v2\/types\/page"}],"author":[{"embeddable":true,"href":"https:\/\/estremsdesign.com\/new\/wp-json\/wp\/v2\/users\/1"}],"replies":[{"embeddable":true,"href":"https:\/\/estremsdesign.com\/new\/wp-json\/wp\/v2\/comments?post=3478"}],"version-history":[{"count":25,"href":"https:\/\/estremsdesign.com\/new\/wp-json\/wp\/v2\/pages\/3478\/revisions"}],"predecessor-version":[{"id":4965,"href":"https:\/\/estremsdesign.com\/new\/wp-json\/wp\/v2\/pages\/3478\/revisions\/4965"}],"up":[{"embeddable":true,"href":"https:\/\/estremsdesign.com\/new\/wp-json\/wp\/v2\/pages\/3410"}],"wp:attachment":[{"href":"https:\/\/estremsdesign.com\/new\/wp-json\/wp\/v2\/media?parent=3478"}],"curies":[{"name":"wp","href":"https:\/\/api.w.org\/{rel}","templated":true}]}}