{"id":3438,"date":"2024-07-22T12:50:41","date_gmt":"2024-07-22T12:50:41","guid":{"rendered":"https:\/\/estremsdesign.com\/new\/?page_id=3438"},"modified":"2026-02-02T20:56:16","modified_gmt":"2026-02-02T20:56:16","slug":"proyecto-branding-hola-instalador","status":"publish","type":"page","link":"https:\/\/estremsdesign.com\/new\/diseno-grafico-mataro\/proyectos-branding\/proyecto-branding-hola-instalador\/","title":{"rendered":"Proyecto Branding Hola Instalador"},"content":{"rendered":"\t\t<div data-elementor-type=\"wp-page\" data-elementor-id=\"3438\" class=\"elementor elementor-3438\" data-elementor-post-type=\"page\">\n\t\t\t\t\t\t<section class=\"elementor-section elementor-top-section elementor-element elementor-element-d9014b3 elementor-section-full_width elementor-section-height-default elementor-section-height-default\" data-id=\"d9014b3\" data-element_type=\"section\" data-e-type=\"section\">\n\t\t\t\t\t\t<div class=\"elementor-container elementor-column-gap-default\">\n\t\t\t\t\t<div class=\"elementor-column elementor-col-100 elementor-top-column elementor-element elementor-element-725f969\" data-id=\"725f969\" data-element_type=\"column\" data-e-type=\"column\">\n\t\t\t<div class=\"elementor-widget-wrap elementor-element-populated\">\n\t\t\t\t\t\t<div class=\"elementor-element elementor-element-c9da85a elementor-headline--style-highlight elementor-widget elementor-widget-animated-headline\" data-id=\"c9da85a\" data-element_type=\"widget\" data-e-type=\"widget\" data-settings=\"{&quot;marker&quot;:&quot;underline&quot;,&quot;highlighted_text&quot;:&quot;hola instalador&quot;,&quot;headline_style&quot;:&quot;highlight&quot;,&quot;loop&quot;:&quot;yes&quot;,&quot;highlight_animation_duration&quot;:1200,&quot;highlight_iteration_delay&quot;:8000}\" data-widget_type=\"animated-headline.default\">\n\t\t\t\t<div class=\"elementor-widget-container\">\n\t\t\t\t\t\t\t<h2 class=\"elementor-headline\">\n\t\t\t\t<span class=\"elementor-headline-dynamic-wrapper elementor-headline-text-wrapper\">\n\t\t\t\t\t<span class=\"elementor-headline-dynamic-text elementor-headline-text-active\">hola instalador<\/span>\n\t\t\t\t<\/span>\n\t\t\t\t<\/h2>\n\t\t\t\t\t\t<\/div>\n\t\t\t\t<\/div>\n\t\t\t\t<div class=\"elementor-element elementor-element-67a9be5 elementor-widget elementor-widget-spacer\" data-id=\"67a9be5\" data-element_type=\"widget\" data-e-type=\"widget\" data-widget_type=\"spacer.default\">\n\t\t\t\t<div class=\"elementor-widget-container\">\n\t\t\t\t\t\t\t<div class=\"elementor-spacer\">\n\t\t\t<div class=\"elementor-spacer-inner\"><\/div>\n\t\t<\/div>\n\t\t\t\t\t\t<\/div>\n\t\t\t\t<\/div>\n\t\t\t\t<div class=\"elementor-element elementor-element-cab85cb elementor-widget elementor-widget-text-editor\" data-id=\"cab85cb\" data-element_type=\"widget\" data-e-type=\"widget\" data-widget_type=\"text-editor.default\">\n\t\t\t\t<div class=\"elementor-widget-container\">\n\t\t\t\t\t\t\t\t\t<p>Dise\u00f1o del logotipo y del manual de estilo<\/p>\t\t\t\t\t\t\t\t<\/div>\n\t\t\t\t<\/div>\n\t\t\t\t<div class=\"elementor-element elementor-element-36e08b2 elementor-widget elementor-widget-spacer\" data-id=\"36e08b2\" data-element_type=\"widget\" data-e-type=\"widget\" data-widget_type=\"spacer.default\">\n\t\t\t\t<div class=\"elementor-widget-container\">\n\t\t\t\t\t\t\t<div class=\"elementor-spacer\">\n\t\t\t<div class=\"elementor-spacer-inner\"><\/div>\n\t\t<\/div>\n\t\t\t\t\t\t<\/div>\n\t\t\t\t<\/div>\n\t\t\t\t<div class=\"elementor-element elementor-element-4cd7b3e elementor-widget__width-initial elementor-widget elementor-widget-image-gallery\" data-id=\"4cd7b3e\" data-element_type=\"widget\" data-e-type=\"widget\" data-widget_type=\"image-gallery.default\">\n\t\t\t\t<div class=\"elementor-widget-container\">\n\t\t\t\t\t\t\t<div class=\"elementor-image-gallery\">\n\t\t\t<div id='gallery-1' class='gallery galleryid-3438 gallery-columns-1 gallery-size-full'><figure class='gallery-item'>\n\t\t\t<div class='gallery-icon landscape'>\n\t\t\t\t<a data-elementor-open-lightbox=\"yes\" data-elementor-lightbox-slideshow=\"4cd7b3e\" data-e-action-hash=\"#elementor-action%3Aaction%3Dlightbox%26settings%3DeyJpZCI6Mzc2NiwidXJsIjoiaHR0cHM6XC9cL2VzdHJlbXNkZXNpZ24uY29tXC9uZXdcL3dwLWNvbnRlbnRcL3VwbG9hZHNcLzIwMjRcLzA3XC9MT0dPX0hPTEFJTlNUQUxBRE9SLXNjYWxlZC5qcGciLCJzbGlkZXNob3ciOiI0Y2Q3YjNlIn0%3D\" href='https:\/\/estremsdesign.com\/new\/wp-content\/uploads\/2024\/07\/LOGO_HOLAINSTALADOR-scaled.jpg'><img fetchpriority=\"high\" decoding=\"async\" width=\"2560\" height=\"969\" src=\"https:\/\/estremsdesign.com\/new\/wp-content\/uploads\/2024\/07\/LOGO_HOLAINSTALADOR-scaled.jpg\" class=\"attachment-full size-full\" alt=\"\" srcset=\"https:\/\/estremsdesign.com\/new\/wp-content\/uploads\/2024\/07\/LOGO_HOLAINSTALADOR-scaled.jpg 2560w, https:\/\/estremsdesign.com\/new\/wp-content\/uploads\/2024\/07\/LOGO_HOLAINSTALADOR-300x114.jpg 300w, https:\/\/estremsdesign.com\/new\/wp-content\/uploads\/2024\/07\/LOGO_HOLAINSTALADOR-1024x387.jpg 1024w, https:\/\/estremsdesign.com\/new\/wp-content\/uploads\/2024\/07\/LOGO_HOLAINSTALADOR-768x291.jpg 768w, https:\/\/estremsdesign.com\/new\/wp-content\/uploads\/2024\/07\/LOGO_HOLAINSTALADOR-1536x581.jpg 1536w, https:\/\/estremsdesign.com\/new\/wp-content\/uploads\/2024\/07\/LOGO_HOLAINSTALADOR-2048x775.jpg 2048w, https:\/\/estremsdesign.com\/new\/wp-content\/uploads\/2024\/07\/LOGO_HOLAINSTALADOR-500x189.jpg 500w, https:\/\/estremsdesign.com\/new\/wp-content\/uploads\/2024\/07\/LOGO_HOLAINSTALADOR-800x303.jpg 800w, https:\/\/estremsdesign.com\/new\/wp-content\/uploads\/2024\/07\/LOGO_HOLAINSTALADOR-1280x484.jpg 1280w, https:\/\/estremsdesign.com\/new\/wp-content\/uploads\/2024\/07\/LOGO_HOLAINSTALADOR-1920x726.jpg 1920w, https:\/\/estremsdesign.com\/new\/wp-content\/uploads\/2024\/07\/LOGO_HOLAINSTALADOR-1000x378.jpg 1000w\" sizes=\"(max-width: 2560px) 100vw, 2560px\" \/><\/a>\n\t\t\t<\/div><\/figure><figure class='gallery-item'>\n\t\t\t<div class='gallery-icon landscape'>\n\t\t\t\t<a data-elementor-open-lightbox=\"yes\" data-elementor-lightbox-slideshow=\"4cd7b3e\" data-e-action-hash=\"#elementor-action%3Aaction%3Dlightbox%26settings%3DeyJpZCI6MzY2NywidXJsIjoiaHR0cHM6XC9cL2VzdHJlbXNkZXNpZ24uY29tXC9uZXdcL3dwLWNvbnRlbnRcL3VwbG9hZHNcLzIwMjRcLzA3XC9PS19NQU5VQUxfSE9MQS1JTlNUQUxBRE9SLXNjYWxlZC5qcGciLCJzbGlkZXNob3ciOiI0Y2Q3YjNlIn0%3D\" href='https:\/\/estremsdesign.com\/new\/wp-content\/uploads\/2024\/07\/OK_MANUAL_HOLA-INSTALADOR-scaled.jpg'><img decoding=\"async\" width=\"2560\" height=\"969\" src=\"https:\/\/estremsdesign.com\/new\/wp-content\/uploads\/2024\/07\/OK_MANUAL_HOLA-INSTALADOR-scaled.jpg\" class=\"attachment-full size-full\" alt=\"\" srcset=\"https:\/\/estremsdesign.com\/new\/wp-content\/uploads\/2024\/07\/OK_MANUAL_HOLA-INSTALADOR-scaled.jpg 2560w, https:\/\/estremsdesign.com\/new\/wp-content\/uploads\/2024\/07\/OK_MANUAL_HOLA-INSTALADOR-300x114.jpg 300w, https:\/\/estremsdesign.com\/new\/wp-content\/uploads\/2024\/07\/OK_MANUAL_HOLA-INSTALADOR-1024x387.jpg 1024w, https:\/\/estremsdesign.com\/new\/wp-content\/uploads\/2024\/07\/OK_MANUAL_HOLA-INSTALADOR-768x291.jpg 768w, https:\/\/estremsdesign.com\/new\/wp-content\/uploads\/2024\/07\/OK_MANUAL_HOLA-INSTALADOR-1536x581.jpg 1536w, https:\/\/estremsdesign.com\/new\/wp-content\/uploads\/2024\/07\/OK_MANUAL_HOLA-INSTALADOR-2048x775.jpg 2048w, https:\/\/estremsdesign.com\/new\/wp-content\/uploads\/2024\/07\/OK_MANUAL_HOLA-INSTALADOR-500x189.jpg 500w, https:\/\/estremsdesign.com\/new\/wp-content\/uploads\/2024\/07\/OK_MANUAL_HOLA-INSTALADOR-800x303.jpg 800w, https:\/\/estremsdesign.com\/new\/wp-content\/uploads\/2024\/07\/OK_MANUAL_HOLA-INSTALADOR-1280x484.jpg 1280w, https:\/\/estremsdesign.com\/new\/wp-content\/uploads\/2024\/07\/OK_MANUAL_HOLA-INSTALADOR-1920x726.jpg 1920w, https:\/\/estremsdesign.com\/new\/wp-content\/uploads\/2024\/07\/OK_MANUAL_HOLA-INSTALADOR-1000x378.jpg 1000w\" sizes=\"(max-width: 2560px) 100vw, 2560px\" \/><\/a>\n\t\t\t<\/div><\/figure>\n\t\t<\/div>\n\t\t<\/div>\n\t\t\t\t\t\t<\/div>\n\t\t\t\t<\/div>\n\t\t\t\t\t<\/div>\n\t\t<\/div>\n\t\t\t\t\t<\/div>\n\t\t<\/section>\n\t\t\t\t<section class=\"elementor-section elementor-top-section elementor-element elementor-element-b59a683 elementor-section-content-middle elementor-section-boxed elementor-section-height-default elementor-section-height-default\" data-id=\"b59a683\" data-element_type=\"section\" data-e-type=\"section\">\n\t\t\t\t\t\t<div class=\"elementor-container elementor-column-gap-default\">\n\t\t\t\t\t<div class=\"elementor-column elementor-col-100 elementor-top-column elementor-element elementor-element-ede8396\" data-id=\"ede8396\" data-element_type=\"column\" data-e-type=\"column\">\n\t\t\t<div class=\"elementor-widget-wrap elementor-element-populated\">\n\t\t\t\t\t\t<div class=\"elementor-element elementor-element-4a0ad8d elementor-align-center elementor-widget elementor-widget-button\" data-id=\"4a0ad8d\" data-element_type=\"widget\" data-e-type=\"widget\" data-widget_type=\"button.default\">\n\t\t\t\t<div class=\"elementor-widget-container\">\n\t\t\t\t\t\t\t\t\t<div class=\"elementor-button-wrapper\">\n\t\t\t\t\t<a class=\"elementor-button elementor-button-link elementor-size-sm\" href=\"https:\/\/estremsdesign.com\/new\/diseno-grafico-mataro\/proyectos-branding\/\">\n\t\t\t\t\t\t<span class=\"elementor-button-content-wrapper\">\n\t\t\t\t\t\t\t\t\t<span class=\"elementor-button-text\">Volver a Proyectos Branding<\/span>\n\t\t\t\t\t<\/span>\n\t\t\t\t\t<\/a>\n\t\t\t\t<\/div>\n\t\t\t\t\t\t\t\t<\/div>\n\t\t\t\t<\/div>\n\t\t\t\t\t<\/div>\n\t\t<\/div>\n\t\t\t\t\t<\/div>\n\t\t<\/section>\n\t\t\t\t<section class=\"elementor-section elementor-top-section elementor-element elementor-element-d50a0c9 elementor-section-height-min-height elementor-section-full_width elementor-section-items-stretch elementor-section-content-middle elementor-section-height-default\" data-id=\"d50a0c9\" data-element_type=\"section\" data-e-type=\"section\" data-settings=\"{&quot;background_background&quot;:&quot;classic&quot;}\">\n\t\t\t\t\t\t<div class=\"elementor-container elementor-column-gap-no\">\n\t\t\t\t\t<div class=\"elementor-column elementor-col-50 elementor-top-column elementor-element elementor-element-2b0628a\" data-id=\"2b0628a\" data-element_type=\"column\" data-e-type=\"column\">\n\t\t\t<div class=\"elementor-widget-wrap elementor-element-populated\">\n\t\t\t\t\t\t<div class=\"elementor-element elementor-element-9d062ac elementor-widget elementor-widget-global elementor-global-3565 elementor-widget-text-editor\" data-id=\"9d062ac\" data-element_type=\"widget\" data-e-type=\"widget\" data-widget_type=\"text-editor.default\">\n\t\t\t\t<div class=\"elementor-widget-container\">\n\t\t\t\t\t\t\t\t\t<p>si lo puedes imaginar,<\/p><p>lo puedo dise\u00f1ar<\/p>\t\t\t\t\t\t\t\t<\/div>\n\t\t\t\t<\/div>\n\t\t\t\t<div class=\"elementor-element elementor-element-871fd45 elementor-align-center elementor-widget elementor-widget-button\" data-id=\"871fd45\" data-element_type=\"widget\" data-e-type=\"widget\" data-widget_type=\"button.default\">\n\t\t\t\t<div class=\"elementor-widget-container\">\n\t\t\t\t\t\t\t\t\t<div class=\"elementor-button-wrapper\">\n\t\t\t\t\t<a class=\"elementor-button elementor-button-link elementor-size-sm elementor-animation-hang\" href=\"https:\/\/estremsdesign.com\/new\/contacto\/\">\n\t\t\t\t\t\t<span class=\"elementor-button-content-wrapper\">\n\t\t\t\t\t\t\t\t\t<span class=\"elementor-button-text\">Contacta \u27f6<\/span>\n\t\t\t\t\t<\/span>\n\t\t\t\t\t<\/a>\n\t\t\t\t<\/div>\n\t\t\t\t\t\t\t\t<\/div>\n\t\t\t\t<\/div>\n\t\t\t\t\t<\/div>\n\t\t<\/div>\n\t\t\t\t<div class=\"elementor-column elementor-col-50 elementor-top-column elementor-element elementor-element-e4bc47e\" data-id=\"e4bc47e\" data-element_type=\"column\" data-e-type=\"column\" data-settings=\"{&quot;background_background&quot;:&quot;classic&quot;}\">\n\t\t\t<div class=\"elementor-widget-wrap elementor-element-populated\">\n\t\t\t\t\t\t<div class=\"elementor-element elementor-element-b8e1b0b elementor-widget elementor-widget-spacer\" data-id=\"b8e1b0b\" data-element_type=\"widget\" data-e-type=\"widget\" data-widget_type=\"spacer.default\">\n\t\t\t\t<div class=\"elementor-widget-container\">\n\t\t\t\t\t\t\t<div class=\"elementor-spacer\">\n\t\t\t<div class=\"elementor-spacer-inner\"><\/div>\n\t\t<\/div>\n\t\t\t\t\t\t<\/div>\n\t\t\t\t<\/div>\n\t\t\t\t\t<\/div>\n\t\t<\/div>\n\t\t\t\t\t<\/div>\n\t\t<\/section>\n\t\t\t\t<\/div>\n\t\t","protected":false},"excerpt":{"rendered":"<p>hola instalador Dise\u00f1o del logotipo y del manual de estilo Volver a Proyectos Branding si lo puedes imaginar, lo puedo dise\u00f1ar Contacta \u27f6<\/p>\n","protected":false},"author":1,"featured_media":0,"parent":3410,"menu_order":0,"comment_status":"closed","ping_status":"closed","template":"","meta":{"_monsterinsights_skip_tracking":false,"_monsterinsights_sitenote_active":false,"_monsterinsights_sitenote_note":"","_monsterinsights_sitenote_category":0,"_vp_format_video_url":"","_vp_image_focal_point":[],"footnotes":""},"class_list":["post-3438","page","type-page","status-publish","hentry"],"yoast_head":"<!-- This site is optimized with the Yoast SEO plugin v27.5 - https:\/\/yoast.com\/product\/yoast-seo-wordpress\/ -->\n<title>Proyecto Branding Hola Instalador - EstremsDesign<\/title>\n<meta name=\"robots\" content=\"index, follow, max-snippet:-1, max-image-preview:large, max-video-preview:-1\" \/>\n<link rel=\"canonical\" href=\"https:\/\/estremsdesign.com\/new\/diseno-grafico-mataro\/proyectos-branding\/proyecto-branding-hola-instalador\/\" \/>\n<meta property=\"og:locale\" content=\"es_ES\" \/>\n<meta property=\"og:type\" content=\"article\" \/>\n<meta property=\"og:title\" content=\"Proyecto Branding Hola Instalador - EstremsDesign\" \/>\n<meta property=\"og:description\" content=\"hola instalador Dise\u00f1o del logotipo y del manual de estilo Volver a Proyectos Branding si lo puedes imaginar, lo puedo dise\u00f1ar Contacta \u27f6\" \/>\n<meta property=\"og:url\" content=\"https:\/\/estremsdesign.com\/new\/diseno-grafico-mataro\/proyectos-branding\/proyecto-branding-hola-instalador\/\" \/>\n<meta property=\"og:site_name\" content=\"EstremsDesign\" \/>\n<meta property=\"article:modified_time\" content=\"2026-02-02T20:56:16+00:00\" \/>\n<meta property=\"og:image\" content=\"https:\/\/estremsdesign.com\/new\/wp-content\/uploads\/2024\/07\/LOGO_HOLAINSTALADOR-scaled.jpg\" \/>\n<meta name=\"twitter:card\" content=\"summary_large_image\" \/>\n<script type=\"application\/ld+json\" class=\"yoast-schema-graph\">{\"@context\":\"https:\\\/\\\/schema.org\",\"@graph\":[{\"@type\":\"WebPage\",\"@id\":\"https:\\\/\\\/estremsdesign.com\\\/new\\\/diseno-grafico-mataro\\\/proyectos-branding\\\/proyecto-branding-hola-instalador\\\/\",\"url\":\"https:\\\/\\\/estremsdesign.com\\\/new\\\/diseno-grafico-mataro\\\/proyectos-branding\\\/proyecto-branding-hola-instalador\\\/\",\"name\":\"Proyecto Branding Hola Instalador - EstremsDesign\",\"isPartOf\":{\"@id\":\"https:\\\/\\\/estremsdesign.com\\\/new\\\/#website\"},\"primaryImageOfPage\":{\"@id\":\"https:\\\/\\\/estremsdesign.com\\\/new\\\/diseno-grafico-mataro\\\/proyectos-branding\\\/proyecto-branding-hola-instalador\\\/#primaryimage\"},\"image\":{\"@id\":\"https:\\\/\\\/estremsdesign.com\\\/new\\\/diseno-grafico-mataro\\\/proyectos-branding\\\/proyecto-branding-hola-instalador\\\/#primaryimage\"},\"thumbnailUrl\":\"https:\\\/\\\/estremsdesign.com\\\/new\\\/wp-content\\\/uploads\\\/2024\\\/07\\\/LOGO_HOLAINSTALADOR-scaled.jpg\",\"datePublished\":\"2024-07-22T12:50:41+00:00\",\"dateModified\":\"2026-02-02T20:56:16+00:00\",\"breadcrumb\":{\"@id\":\"https:\\\/\\\/estremsdesign.com\\\/new\\\/diseno-grafico-mataro\\\/proyectos-branding\\\/proyecto-branding-hola-instalador\\\/#breadcrumb\"},\"inLanguage\":\"es\",\"potentialAction\":[{\"@type\":\"ReadAction\",\"target\":[\"https:\\\/\\\/estremsdesign.com\\\/new\\\/diseno-grafico-mataro\\\/proyectos-branding\\\/proyecto-branding-hola-instalador\\\/\"]}]},{\"@type\":\"ImageObject\",\"inLanguage\":\"es\",\"@id\":\"https:\\\/\\\/estremsdesign.com\\\/new\\\/diseno-grafico-mataro\\\/proyectos-branding\\\/proyecto-branding-hola-instalador\\\/#primaryimage\",\"url\":\"https:\\\/\\\/estremsdesign.com\\\/new\\\/wp-content\\\/uploads\\\/2024\\\/07\\\/LOGO_HOLAINSTALADOR-scaled.jpg\",\"contentUrl\":\"https:\\\/\\\/estremsdesign.com\\\/new\\\/wp-content\\\/uploads\\\/2024\\\/07\\\/LOGO_HOLAINSTALADOR-scaled.jpg\"},{\"@type\":\"BreadcrumbList\",\"@id\":\"https:\\\/\\\/estremsdesign.com\\\/new\\\/diseno-grafico-mataro\\\/proyectos-branding\\\/proyecto-branding-hola-instalador\\\/#breadcrumb\",\"itemListElement\":[{\"@type\":\"ListItem\",\"position\":1,\"name\":\"Portada\",\"item\":\"https:\\\/\\\/estremsdesign.com\\\/new\\\/\"},{\"@type\":\"ListItem\",\"position\":2,\"name\":\"Dise\u00f1o Gr\u00e1fico\",\"item\":\"https:\\\/\\\/estremsdesign.com\\\/new\\\/diseno-grafico-mataro\\\/\"},{\"@type\":\"ListItem\",\"position\":3,\"name\":\"Proyectos Branding\",\"item\":\"https:\\\/\\\/estremsdesign.com\\\/new\\\/diseno-grafico-mataro\\\/proyectos-branding\\\/\"},{\"@type\":\"ListItem\",\"position\":4,\"name\":\"Proyecto Branding Hola Instalador\"}]},{\"@type\":\"WebSite\",\"@id\":\"https:\\\/\\\/estremsdesign.com\\\/new\\\/#website\",\"url\":\"https:\\\/\\\/estremsdesign.com\\\/new\\\/\",\"name\":\"EstremsDesign\",\"description\":\"Fotograf\u00eda y Dise\u00f1o Gr\u00e1fico en Matar\u00f3\",\"publisher\":{\"@id\":\"https:\\\/\\\/estremsdesign.com\\\/new\\\/#organization\"},\"potentialAction\":[{\"@type\":\"SearchAction\",\"target\":{\"@type\":\"EntryPoint\",\"urlTemplate\":\"https:\\\/\\\/estremsdesign.com\\\/new\\\/?s={search_term_string}\"},\"query-input\":{\"@type\":\"PropertyValueSpecification\",\"valueRequired\":true,\"valueName\":\"search_term_string\"}}],\"inLanguage\":\"es\"},{\"@type\":\"Organization\",\"@id\":\"https:\\\/\\\/estremsdesign.com\\\/new\\\/#organization\",\"name\":\"EstremsDesign\",\"url\":\"https:\\\/\\\/estremsdesign.com\\\/new\\\/\",\"logo\":{\"@type\":\"ImageObject\",\"inLanguage\":\"es\",\"@id\":\"https:\\\/\\\/estremsdesign.com\\\/new\\\/#\\\/schema\\\/logo\\\/image\\\/\",\"url\":\"https:\\\/\\\/estremsdesign.com\\\/new\\\/wp-content\\\/uploads\\\/2022\\\/04\\\/logobeige_menuweb.png\",\"contentUrl\":\"https:\\\/\\\/estremsdesign.com\\\/new\\\/wp-content\\\/uploads\\\/2022\\\/04\\\/logobeige_menuweb.png\",\"width\":2312,\"height\":1107,\"caption\":\"EstremsDesign\"},\"image\":{\"@id\":\"https:\\\/\\\/estremsdesign.com\\\/new\\\/#\\\/schema\\\/logo\\\/image\\\/\"}}]}<\/script>\n<!-- \/ Yoast SEO plugin. -->","yoast_head_json":{"title":"Proyecto Branding Hola Instalador - EstremsDesign","robots":{"index":"index","follow":"follow","max-snippet":"max-snippet:-1","max-image-preview":"max-image-preview:large","max-video-preview":"max-video-preview:-1"},"canonical":"https:\/\/estremsdesign.com\/new\/diseno-grafico-mataro\/proyectos-branding\/proyecto-branding-hola-instalador\/","og_locale":"es_ES","og_type":"article","og_title":"Proyecto Branding Hola Instalador - EstremsDesign","og_description":"hola instalador Dise\u00f1o del logotipo y del manual de estilo Volver a Proyectos Branding si lo puedes imaginar, lo puedo dise\u00f1ar Contacta \u27f6","og_url":"https:\/\/estremsdesign.com\/new\/diseno-grafico-mataro\/proyectos-branding\/proyecto-branding-hola-instalador\/","og_site_name":"EstremsDesign","article_modified_time":"2026-02-02T20:56:16+00:00","og_image":[{"url":"https:\/\/estremsdesign.com\/new\/wp-content\/uploads\/2024\/07\/LOGO_HOLAINSTALADOR-scaled.jpg","type":"","width":"","height":""}],"twitter_card":"summary_large_image","schema":{"@context":"https:\/\/schema.org","@graph":[{"@type":"WebPage","@id":"https:\/\/estremsdesign.com\/new\/diseno-grafico-mataro\/proyectos-branding\/proyecto-branding-hola-instalador\/","url":"https:\/\/estremsdesign.com\/new\/diseno-grafico-mataro\/proyectos-branding\/proyecto-branding-hola-instalador\/","name":"Proyecto Branding Hola Instalador - EstremsDesign","isPartOf":{"@id":"https:\/\/estremsdesign.com\/new\/#website"},"primaryImageOfPage":{"@id":"https:\/\/estremsdesign.com\/new\/diseno-grafico-mataro\/proyectos-branding\/proyecto-branding-hola-instalador\/#primaryimage"},"image":{"@id":"https:\/\/estremsdesign.com\/new\/diseno-grafico-mataro\/proyectos-branding\/proyecto-branding-hola-instalador\/#primaryimage"},"thumbnailUrl":"https:\/\/estremsdesign.com\/new\/wp-content\/uploads\/2024\/07\/LOGO_HOLAINSTALADOR-scaled.jpg","datePublished":"2024-07-22T12:50:41+00:00","dateModified":"2026-02-02T20:56:16+00:00","breadcrumb":{"@id":"https:\/\/estremsdesign.com\/new\/diseno-grafico-mataro\/proyectos-branding\/proyecto-branding-hola-instalador\/#breadcrumb"},"inLanguage":"es","potentialAction":[{"@type":"ReadAction","target":["https:\/\/estremsdesign.com\/new\/diseno-grafico-mataro\/proyectos-branding\/proyecto-branding-hola-instalador\/"]}]},{"@type":"ImageObject","inLanguage":"es","@id":"https:\/\/estremsdesign.com\/new\/diseno-grafico-mataro\/proyectos-branding\/proyecto-branding-hola-instalador\/#primaryimage","url":"https:\/\/estremsdesign.com\/new\/wp-content\/uploads\/2024\/07\/LOGO_HOLAINSTALADOR-scaled.jpg","contentUrl":"https:\/\/estremsdesign.com\/new\/wp-content\/uploads\/2024\/07\/LOGO_HOLAINSTALADOR-scaled.jpg"},{"@type":"BreadcrumbList","@id":"https:\/\/estremsdesign.com\/new\/diseno-grafico-mataro\/proyectos-branding\/proyecto-branding-hola-instalador\/#breadcrumb","itemListElement":[{"@type":"ListItem","position":1,"name":"Portada","item":"https:\/\/estremsdesign.com\/new\/"},{"@type":"ListItem","position":2,"name":"Dise\u00f1o Gr\u00e1fico","item":"https:\/\/estremsdesign.com\/new\/diseno-grafico-mataro\/"},{"@type":"ListItem","position":3,"name":"Proyectos Branding","item":"https:\/\/estremsdesign.com\/new\/diseno-grafico-mataro\/proyectos-branding\/"},{"@type":"ListItem","position":4,"name":"Proyecto Branding Hola Instalador"}]},{"@type":"WebSite","@id":"https:\/\/estremsdesign.com\/new\/#website","url":"https:\/\/estremsdesign.com\/new\/","name":"EstremsDesign","description":"Fotograf\u00eda y Dise\u00f1o Gr\u00e1fico en Matar\u00f3","publisher":{"@id":"https:\/\/estremsdesign.com\/new\/#organization"},"potentialAction":[{"@type":"SearchAction","target":{"@type":"EntryPoint","urlTemplate":"https:\/\/estremsdesign.com\/new\/?s={search_term_string}"},"query-input":{"@type":"PropertyValueSpecification","valueRequired":true,"valueName":"search_term_string"}}],"inLanguage":"es"},{"@type":"Organization","@id":"https:\/\/estremsdesign.com\/new\/#organization","name":"EstremsDesign","url":"https:\/\/estremsdesign.com\/new\/","logo":{"@type":"ImageObject","inLanguage":"es","@id":"https:\/\/estremsdesign.com\/new\/#\/schema\/logo\/image\/","url":"https:\/\/estremsdesign.com\/new\/wp-content\/uploads\/2022\/04\/logobeige_menuweb.png","contentUrl":"https:\/\/estremsdesign.com\/new\/wp-content\/uploads\/2022\/04\/logobeige_menuweb.png","width":2312,"height":1107,"caption":"EstremsDesign"},"image":{"@id":"https:\/\/estremsdesign.com\/new\/#\/schema\/logo\/image\/"}}]}},"_links":{"self":[{"href":"https:\/\/estremsdesign.com\/new\/wp-json\/wp\/v2\/pages\/3438","targetHints":{"allow":["GET"]}}],"collection":[{"href":"https:\/\/estremsdesign.com\/new\/wp-json\/wp\/v2\/pages"}],"about":[{"href":"https:\/\/estremsdesign.com\/new\/wp-json\/wp\/v2\/types\/page"}],"author":[{"embeddable":true,"href":"https:\/\/estremsdesign.com\/new\/wp-json\/wp\/v2\/users\/1"}],"replies":[{"embeddable":true,"href":"https:\/\/estremsdesign.com\/new\/wp-json\/wp\/v2\/comments?post=3438"}],"version-history":[{"count":28,"href":"https:\/\/estremsdesign.com\/new\/wp-json\/wp\/v2\/pages\/3438\/revisions"}],"predecessor-version":[{"id":4962,"href":"https:\/\/estremsdesign.com\/new\/wp-json\/wp\/v2\/pages\/3438\/revisions\/4962"}],"up":[{"embeddable":true,"href":"https:\/\/estremsdesign.com\/new\/wp-json\/wp\/v2\/pages\/3410"}],"wp:attachment":[{"href":"https:\/\/estremsdesign.com\/new\/wp-json\/wp\/v2\/media?parent=3438"}],"curies":[{"name":"wp","href":"https:\/\/api.w.org\/{rel}","templated":true}]}}