{"id":3,"date":"2022-04-28T14:36:51","date_gmt":"2022-04-28T14:36:51","guid":{"rendered":"https:\/\/estremsdesign.com\/new\/?page_id=3"},"modified":"2025-05-29T09:11:18","modified_gmt":"2025-05-29T09:11:18","slug":"politica-privacidad","status":"publish","type":"page","link":"https:\/\/estremsdesign.com\/new\/politica-privacidad\/","title":{"rendered":"Pol\u00edtica de privacidad"},"content":{"rendered":"\t\t<div data-elementor-type=\"wp-page\" data-elementor-id=\"3\" class=\"elementor elementor-3\" data-elementor-post-type=\"page\">\n\t\t\t\t\t\t<section class=\"elementor-section elementor-top-section elementor-element elementor-element-63010651 elementor-section-boxed elementor-section-height-default elementor-section-height-default\" data-id=\"63010651\" data-element_type=\"section\" data-e-type=\"section\">\n\t\t\t\t\t\t<div class=\"elementor-container elementor-column-gap-default\">\n\t\t\t\t\t<div class=\"elementor-column elementor-col-100 elementor-top-column elementor-element elementor-element-2e748982\" data-id=\"2e748982\" data-element_type=\"column\" data-e-type=\"column\">\n\t\t\t<div class=\"elementor-widget-wrap elementor-element-populated\">\n\t\t\t\t\t\t<div class=\"elementor-element elementor-element-499cb65e elementor-widget elementor-widget-text-editor\" data-id=\"499cb65e\" data-element_type=\"widget\" data-e-type=\"widget\" data-widget_type=\"text-editor.default\">\n\t\t\t\t<div class=\"elementor-widget-container\">\n\t\t\t\t\t\t\t\t\t\n<p data-start=\"1889\" data-end=\"1977\">En cumplimiento del <strong data-start=\"1909\" data-end=\"1944\">Reglamento (UE) 2016\/679 (RGPD)<\/strong> y la <strong data-start=\"1950\" data-end=\"1960\">LSSICE<\/strong>, se informa que:<\/p>\n<p data-start=\"1979\" data-end=\"2170\"><strong data-start=\"1979\" data-end=\"2010\">Responsable del tratamiento<\/strong>: Montserrat Estrems Maspoch<br data-start=\"2038\" data-end=\"2041\" \/><strong data-start=\"2041\" data-end=\"2054\">Direcci\u00f3n<\/strong>: Calle Alemania, 38, Local Izquierda,\u00a0 Matar\u00f3, 08303, Barcelona<br data-start=\"2091\" data-end=\"2094\" \/><strong data-start=\"2094\" data-end=\"2115\">Email de contacto<\/strong>: info@estremsdesign.com<br data-start=\"2127\" data-end=\"2130\" \/><strong data-start=\"2130\" data-end=\"2137\">Web<\/strong>: <a class=\"\" href=\"https:\/\/www.estremsdesign.com\" target=\"_new\" rel=\"noopener\" data-start=\"2139\" data-end=\"2168\">https:\/\/www.estremsdesign.com<\/a><\/p>\n<h3 class=\"wp-block-heading\" data-start=\"2172\" data-end=\"2210\">\u00bfQu\u00e9 datos recogemos y para qu\u00e9?<\/h3>\n<ul data-start=\"2211\" data-end=\"2524\">\n<li data-start=\"2211\" data-end=\"2351\">\n<p data-start=\"2213\" data-end=\"2266\"><strong data-start=\"2213\" data-end=\"2239\">Formulario de contacto<\/strong>: nombre, email, mensaje.<\/p>\n<ul data-start=\"2269\" data-end=\"2351\">\n<li data-start=\"2269\" data-end=\"2302\">\n<p data-start=\"2271\" data-end=\"2302\">Finalidad: atender consultas.<\/p>\n<\/li>\n<li data-start=\"2305\" data-end=\"2351\">\n<p data-start=\"2307\" data-end=\"2351\">Base legal: consentimiento del interesado.<\/p>\n<\/li>\n<\/ul>\n<\/li>\n<li data-start=\"2352\" data-end=\"2524\">\n<p data-start=\"2354\" data-end=\"2431\"><strong data-start=\"2354\" data-end=\"2402\">Datos de navegaci\u00f3n (IP, localizaci\u00f3n, etc.)<\/strong> mediante Google Analytics.<\/p>\n<ul data-start=\"2434\" data-end=\"2524\">\n<li data-start=\"2434\" data-end=\"2488\">\n<p data-start=\"2436\" data-end=\"2488\">Finalidad: an\u00e1lisis estad\u00edstico del uso del sitio.<\/p>\n<\/li>\n<li data-start=\"2491\" data-end=\"2524\">\n<p data-start=\"2493\" data-end=\"2524\">Base legal: inter\u00e9s leg\u00edtimo.<\/p>\n<\/li>\n<\/ul>\n<\/li>\n<\/ul>\n<h3 data-start=\"2526\" data-end=\"2557\">Conservaci\u00f3n de los datos<\/h3>\n<p data-start=\"2558\" data-end=\"2667\">Los datos se conservar\u00e1n mientras exista relaci\u00f3n con el interesado o hasta que este solicite su supresi\u00f3n.<\/p>\n<h3 data-start=\"2669\" data-end=\"2695\">Derechos del usuario<\/h3>\n<p data-start=\"2696\" data-end=\"2901\">Puede ejercer los derechos de acceso, rectificaci\u00f3n, supresi\u00f3n, oposici\u00f3n, limitaci\u00f3n del tratamiento y portabilidad enviando un correo electr\u00f3nico a [<em data-start=\"2847\" data-end=\"2861\">info@estremsdesign.com<\/em>] con el asunto \u00abProtecci\u00f3n de Datos\u00bb.<\/p>\n<p data-start=\"2903\" data-end=\"2988\">Tambi\u00e9n puede reclamar ante la <strong data-start=\"2934\" data-end=\"2942\">AEPD<\/strong>: <a class=\"\" href=\"https:\/\/www.aepd.es\" target=\"_new\" rel=\"noopener\" data-start=\"2944\" data-end=\"2986\">https:\/\/www.aepd.es<\/a><\/p>\n<h3 data-start=\"2990\" data-end=\"3011\">Cesi\u00f3n de datos<\/h3>\n<p data-start=\"3012\" data-end=\"3067\">No se ceden datos a terceros, salvo obligaci\u00f3n legal.<\/p>\n\t\t\t\t\t\t\t\t<\/div>\n\t\t\t\t<\/div>\n\t\t\t\t\t<\/div>\n\t\t<\/div>\n\t\t\t\t\t<\/div>\n\t\t<\/section>\n\t\t\t\t<\/div>\n\t\t","protected":false},"excerpt":{"rendered":"<p>En cumplimiento del Reglamento (UE) 2016\/679 (RGPD) y la LSSICE, se informa que: Responsable del tratamiento: Montserrat Estrems MaspochDirecci\u00f3n: Calle Alemania, 38, Local Izquierda,\u00a0 Matar\u00f3, 08303, BarcelonaEmail de contacto: info@estremsdesign.comWeb: https:\/\/www.estremsdesign.com \u00bfQu\u00e9 datos recogemos y para qu\u00e9? Formulario de contacto: nombre, email, mensaje. Finalidad: atender consultas. Base legal: consentimiento del interesado. Datos de navegaci\u00f3n (IP, [&hellip;]<\/p>\n","protected":false},"author":1,"featured_media":0,"parent":0,"menu_order":0,"comment_status":"closed","ping_status":"open","template":"","meta":{"_monsterinsights_skip_tracking":false,"_monsterinsights_sitenote_active":false,"_monsterinsights_sitenote_note":"","_monsterinsights_sitenote_category":0,"_vp_format_video_url":"","_vp_image_focal_point":[],"footnotes":""},"class_list":["post-3","page","type-page","status-publish","hentry"],"yoast_head":"<!-- This site is optimized with the Yoast SEO plugin v27.3 - https:\/\/yoast.com\/product\/yoast-seo-wordpress\/ -->\n<title>Pol\u00edtica de privacidad - EstremsDesign<\/title>\n<meta name=\"robots\" content=\"index, follow, max-snippet:-1, max-image-preview:large, max-video-preview:-1\" \/>\n<link rel=\"canonical\" href=\"https:\/\/estremsdesign.com\/new\/politica-privacidad\/\" \/>\n<meta property=\"og:locale\" content=\"es_ES\" \/>\n<meta property=\"og:type\" content=\"article\" \/>\n<meta property=\"og:title\" content=\"Pol\u00edtica de privacidad - EstremsDesign\" \/>\n<meta property=\"og:description\" content=\"En cumplimiento del Reglamento (UE) 2016\/679 (RGPD) y la LSSICE, se informa que: Responsable del tratamiento: Montserrat Estrems MaspochDirecci\u00f3n: Calle Alemania, 38, Local Izquierda,\u00a0 Matar\u00f3, 08303, BarcelonaEmail de contacto: info@estremsdesign.comWeb: https:\/\/www.estremsdesign.com \u00bfQu\u00e9 datos recogemos y para qu\u00e9? Formulario de contacto: nombre, email, mensaje. Finalidad: atender consultas. Base legal: consentimiento del interesado. Datos de navegaci\u00f3n (IP, [&hellip;]\" \/>\n<meta property=\"og:url\" content=\"https:\/\/estremsdesign.com\/new\/politica-privacidad\/\" \/>\n<meta property=\"og:site_name\" content=\"EstremsDesign\" \/>\n<meta property=\"article:modified_time\" content=\"2025-05-29T09:11:18+00:00\" \/>\n<meta name=\"twitter:card\" content=\"summary_large_image\" \/>\n<script type=\"application\/ld+json\" class=\"yoast-schema-graph\">{\"@context\":\"https:\\\/\\\/schema.org\",\"@graph\":[{\"@type\":\"WebPage\",\"@id\":\"https:\\\/\\\/estremsdesign.com\\\/new\\\/politica-privacidad\\\/\",\"url\":\"https:\\\/\\\/estremsdesign.com\\\/new\\\/politica-privacidad\\\/\",\"name\":\"Pol\u00edtica de privacidad - EstremsDesign\",\"isPartOf\":{\"@id\":\"https:\\\/\\\/estremsdesign.com\\\/new\\\/#website\"},\"datePublished\":\"2022-04-28T14:36:51+00:00\",\"dateModified\":\"2025-05-29T09:11:18+00:00\",\"breadcrumb\":{\"@id\":\"https:\\\/\\\/estremsdesign.com\\\/new\\\/politica-privacidad\\\/#breadcrumb\"},\"inLanguage\":\"es\",\"potentialAction\":[{\"@type\":\"ReadAction\",\"target\":[\"https:\\\/\\\/estremsdesign.com\\\/new\\\/politica-privacidad\\\/\"]}]},{\"@type\":\"BreadcrumbList\",\"@id\":\"https:\\\/\\\/estremsdesign.com\\\/new\\\/politica-privacidad\\\/#breadcrumb\",\"itemListElement\":[{\"@type\":\"ListItem\",\"position\":1,\"name\":\"Portada\",\"item\":\"https:\\\/\\\/estremsdesign.com\\\/new\\\/\"},{\"@type\":\"ListItem\",\"position\":2,\"name\":\"Pol\u00edtica de privacidad\"}]},{\"@type\":\"WebSite\",\"@id\":\"https:\\\/\\\/estremsdesign.com\\\/new\\\/#website\",\"url\":\"https:\\\/\\\/estremsdesign.com\\\/new\\\/\",\"name\":\"EstremsDesign\",\"description\":\"Fotograf\u00eda y Dise\u00f1o Gr\u00e1fico en Matar\u00f3\",\"publisher\":{\"@id\":\"https:\\\/\\\/estremsdesign.com\\\/new\\\/#organization\"},\"potentialAction\":[{\"@type\":\"SearchAction\",\"target\":{\"@type\":\"EntryPoint\",\"urlTemplate\":\"https:\\\/\\\/estremsdesign.com\\\/new\\\/?s={search_term_string}\"},\"query-input\":{\"@type\":\"PropertyValueSpecification\",\"valueRequired\":true,\"valueName\":\"search_term_string\"}}],\"inLanguage\":\"es\"},{\"@type\":\"Organization\",\"@id\":\"https:\\\/\\\/estremsdesign.com\\\/new\\\/#organization\",\"name\":\"EstremsDesign\",\"url\":\"https:\\\/\\\/estremsdesign.com\\\/new\\\/\",\"logo\":{\"@type\":\"ImageObject\",\"inLanguage\":\"es\",\"@id\":\"https:\\\/\\\/estremsdesign.com\\\/new\\\/#\\\/schema\\\/logo\\\/image\\\/\",\"url\":\"https:\\\/\\\/estremsdesign.com\\\/new\\\/wp-content\\\/uploads\\\/2022\\\/04\\\/logobeige_menuweb.png\",\"contentUrl\":\"https:\\\/\\\/estremsdesign.com\\\/new\\\/wp-content\\\/uploads\\\/2022\\\/04\\\/logobeige_menuweb.png\",\"width\":2312,\"height\":1107,\"caption\":\"EstremsDesign\"},\"image\":{\"@id\":\"https:\\\/\\\/estremsdesign.com\\\/new\\\/#\\\/schema\\\/logo\\\/image\\\/\"}}]}<\/script>\n<!-- \/ Yoast SEO plugin. -->","yoast_head_json":{"title":"Pol\u00edtica de privacidad - EstremsDesign","robots":{"index":"index","follow":"follow","max-snippet":"max-snippet:-1","max-image-preview":"max-image-preview:large","max-video-preview":"max-video-preview:-1"},"canonical":"https:\/\/estremsdesign.com\/new\/politica-privacidad\/","og_locale":"es_ES","og_type":"article","og_title":"Pol\u00edtica de privacidad - EstremsDesign","og_description":"En cumplimiento del Reglamento (UE) 2016\/679 (RGPD) y la LSSICE, se informa que: Responsable del tratamiento: Montserrat Estrems MaspochDirecci\u00f3n: Calle Alemania, 38, Local Izquierda,\u00a0 Matar\u00f3, 08303, BarcelonaEmail de contacto: info@estremsdesign.comWeb: https:\/\/www.estremsdesign.com \u00bfQu\u00e9 datos recogemos y para qu\u00e9? Formulario de contacto: nombre, email, mensaje. Finalidad: atender consultas. Base legal: consentimiento del interesado. Datos de navegaci\u00f3n (IP, [&hellip;]","og_url":"https:\/\/estremsdesign.com\/new\/politica-privacidad\/","og_site_name":"EstremsDesign","article_modified_time":"2025-05-29T09:11:18+00:00","twitter_card":"summary_large_image","schema":{"@context":"https:\/\/schema.org","@graph":[{"@type":"WebPage","@id":"https:\/\/estremsdesign.com\/new\/politica-privacidad\/","url":"https:\/\/estremsdesign.com\/new\/politica-privacidad\/","name":"Pol\u00edtica de privacidad - EstremsDesign","isPartOf":{"@id":"https:\/\/estremsdesign.com\/new\/#website"},"datePublished":"2022-04-28T14:36:51+00:00","dateModified":"2025-05-29T09:11:18+00:00","breadcrumb":{"@id":"https:\/\/estremsdesign.com\/new\/politica-privacidad\/#breadcrumb"},"inLanguage":"es","potentialAction":[{"@type":"ReadAction","target":["https:\/\/estremsdesign.com\/new\/politica-privacidad\/"]}]},{"@type":"BreadcrumbList","@id":"https:\/\/estremsdesign.com\/new\/politica-privacidad\/#breadcrumb","itemListElement":[{"@type":"ListItem","position":1,"name":"Portada","item":"https:\/\/estremsdesign.com\/new\/"},{"@type":"ListItem","position":2,"name":"Pol\u00edtica de privacidad"}]},{"@type":"WebSite","@id":"https:\/\/estremsdesign.com\/new\/#website","url":"https:\/\/estremsdesign.com\/new\/","name":"EstremsDesign","description":"Fotograf\u00eda y Dise\u00f1o Gr\u00e1fico en Matar\u00f3","publisher":{"@id":"https:\/\/estremsdesign.com\/new\/#organization"},"potentialAction":[{"@type":"SearchAction","target":{"@type":"EntryPoint","urlTemplate":"https:\/\/estremsdesign.com\/new\/?s={search_term_string}"},"query-input":{"@type":"PropertyValueSpecification","valueRequired":true,"valueName":"search_term_string"}}],"inLanguage":"es"},{"@type":"Organization","@id":"https:\/\/estremsdesign.com\/new\/#organization","name":"EstremsDesign","url":"https:\/\/estremsdesign.com\/new\/","logo":{"@type":"ImageObject","inLanguage":"es","@id":"https:\/\/estremsdesign.com\/new\/#\/schema\/logo\/image\/","url":"https:\/\/estremsdesign.com\/new\/wp-content\/uploads\/2022\/04\/logobeige_menuweb.png","contentUrl":"https:\/\/estremsdesign.com\/new\/wp-content\/uploads\/2022\/04\/logobeige_menuweb.png","width":2312,"height":1107,"caption":"EstremsDesign"},"image":{"@id":"https:\/\/estremsdesign.com\/new\/#\/schema\/logo\/image\/"}}]}},"_links":{"self":[{"href":"https:\/\/estremsdesign.com\/new\/wp-json\/wp\/v2\/pages\/3","targetHints":{"allow":["GET"]}}],"collection":[{"href":"https:\/\/estremsdesign.com\/new\/wp-json\/wp\/v2\/pages"}],"about":[{"href":"https:\/\/estremsdesign.com\/new\/wp-json\/wp\/v2\/types\/page"}],"author":[{"embeddable":true,"href":"https:\/\/estremsdesign.com\/new\/wp-json\/wp\/v2\/users\/1"}],"replies":[{"embeddable":true,"href":"https:\/\/estremsdesign.com\/new\/wp-json\/wp\/v2\/comments?post=3"}],"version-history":[{"count":3,"href":"https:\/\/estremsdesign.com\/new\/wp-json\/wp\/v2\/pages\/3\/revisions"}],"predecessor-version":[{"id":4332,"href":"https:\/\/estremsdesign.com\/new\/wp-json\/wp\/v2\/pages\/3\/revisions\/4332"}],"wp:attachment":[{"href":"https:\/\/estremsdesign.com\/new\/wp-json\/wp\/v2\/media?parent=3"}],"curies":[{"name":"wp","href":"https:\/\/api.w.org\/{rel}","templated":true}]}}