{"id":28,"date":"2022-04-28T14:52:55","date_gmt":"2022-04-28T14:52:55","guid":{"rendered":"https:\/\/estremsdesign.com\/new\/about\/"},"modified":"2026-02-02T18:25:21","modified_gmt":"2026-02-02T18:25:21","slug":"about","status":"publish","type":"page","link":"https:\/\/estremsdesign.com\/new\/about\/","title":{"rendered":"About"},"content":{"rendered":"\t\t<div data-elementor-type=\"wp-page\" data-elementor-id=\"28\" class=\"elementor elementor-28\" data-elementor-post-type=\"page\">\n\t\t\t\t\t\t<section class=\"elementor-section elementor-top-section elementor-element elementor-element-7e995005 elementor-section-full_width elementor-section-height-min-height elementor-section-items-stretch elementor-section-content-middle elementor-reverse-mobile elementor-section-height-default\" data-id=\"7e995005\" data-element_type=\"section\" data-e-type=\"section\" data-settings=\"{&quot;background_background&quot;:&quot;classic&quot;}\">\n\t\t\t\t\t\t<div class=\"elementor-container elementor-column-gap-no\">\n\t\t\t\t\t<div class=\"elementor-column elementor-col-50 elementor-top-column elementor-element elementor-element-6d47c04b\" data-id=\"6d47c04b\" data-element_type=\"column\" data-e-type=\"column\" data-settings=\"{&quot;background_background&quot;:&quot;classic&quot;}\">\n\t\t\t<div class=\"elementor-widget-wrap elementor-element-populated\">\n\t\t\t\t\t\t<div class=\"elementor-element elementor-element-66c6d44b elementor-invisible elementor-widget elementor-widget-image\" data-id=\"66c6d44b\" data-element_type=\"widget\" data-e-type=\"widget\" data-settings=\"{&quot;_animation&quot;:&quot;fadeIn&quot;}\" data-widget_type=\"image.default\">\n\t\t\t\t<div class=\"elementor-widget-container\">\n\t\t\t\t\t\t\t\t\t\t\t\t\t\t\t<img fetchpriority=\"high\" decoding=\"async\" width=\"800\" height=\"761\" src=\"https:\/\/estremsdesign.com\/new\/wp-content\/uploads\/2023\/03\/autoyashica02-1024x974.jpg\" class=\"attachment-large size-large wp-image-1010\" alt=\"\" srcset=\"https:\/\/estremsdesign.com\/new\/wp-content\/uploads\/2023\/03\/autoyashica02-1024x974.jpg 1024w, https:\/\/estremsdesign.com\/new\/wp-content\/uploads\/2023\/03\/autoyashica02-300x285.jpg 300w, https:\/\/estremsdesign.com\/new\/wp-content\/uploads\/2023\/03\/autoyashica02-768x730.jpg 768w, https:\/\/estremsdesign.com\/new\/wp-content\/uploads\/2023\/03\/autoyashica02.jpg 1080w\" sizes=\"(max-width: 800px) 100vw, 800px\" \/>\t\t\t\t\t\t\t\t\t\t\t\t\t\t\t<\/div>\n\t\t\t\t<\/div>\n\t\t\t\t\t<\/div>\n\t\t<\/div>\n\t\t\t\t<div class=\"elementor-column elementor-col-50 elementor-top-column elementor-element elementor-element-337bd3c8\" data-id=\"337bd3c8\" data-element_type=\"column\" data-e-type=\"column\">\n\t\t\t<div class=\"elementor-widget-wrap elementor-element-populated\">\n\t\t\t\t\t\t<div class=\"elementor-element elementor-element-534a769f elementor-invisible elementor-widget elementor-widget-heading\" data-id=\"534a769f\" data-element_type=\"widget\" data-e-type=\"widget\" data-settings=\"{&quot;_animation&quot;:&quot;fadeIn&quot;}\" data-widget_type=\"heading.default\">\n\t\t\t\t<div class=\"elementor-widget-container\">\n\t\t\t\t\t<h1 class=\"elementor-heading-title elementor-size-default\">Sobre mi<\/h1>\t\t\t\t<\/div>\n\t\t\t\t<\/div>\n\t\t\t\t<div class=\"elementor-element elementor-element-c399719 elementor-widget elementor-widget-text-editor\" data-id=\"c399719\" data-element_type=\"widget\" data-e-type=\"widget\" data-widget_type=\"text-editor.default\">\n\t\t\t\t<div class=\"elementor-widget-container\">\n\t\t\t\t\t\t\t\t\t<p>Me llamo Montse, y soy una fot\u00f3grafa profesional.<\/p><p>Desde peque\u00f1a, he estado fascinada por el mundo de la fotograf\u00eda. Siempre llevaba mi c\u00e1mara a todas partes, capturando momentos especiales que luego me encantaba compartir con mi familia y amigos. Con el tiempo, esa afici\u00f3n se convirti\u00f3 en una verdadera pasi\u00f3n y decid\u00ed dedicarme de lleno a ella.<\/p><p>Mi objetivo como fot\u00f3grafa es capturar la esencia de cada persona y cada momento, crear im\u00e1genes que transmitan emociones y que se conviertan en recuerdos imborrables. Para m\u00ed, la fotograf\u00eda es una forma de arte que me permite expresar mi creatividad y mi visi\u00f3n del mundo.<\/p><p>Si est\u00e1s buscando una fot\u00f3grafa que te ayude a capturar momentos \u00fanicos e irrepetibles, no dudes en ponerte en contacto conmigo. Estoy segura de que juntos podemos crear im\u00e1genes que te emocionen y que te hagan revivir cada instante una y otra vez.<\/p>\t\t\t\t\t\t\t\t<\/div>\n\t\t\t\t<\/div>\n\t\t\t\t\t<\/div>\n\t\t<\/div>\n\t\t\t\t\t<\/div>\n\t\t<\/section>\n\t\t\t\t<section class=\"elementor-section elementor-top-section elementor-element elementor-element-3c88e7f elementor-section-boxed elementor-section-height-default elementor-section-height-default\" data-id=\"3c88e7f\" data-element_type=\"section\" data-e-type=\"section\">\n\t\t\t\t\t\t<div class=\"elementor-container elementor-column-gap-default\">\n\t\t\t\t\t<div class=\"elementor-column elementor-col-100 elementor-top-column elementor-element elementor-element-8309068\" data-id=\"8309068\" data-element_type=\"column\" data-e-type=\"column\">\n\t\t\t<div class=\"elementor-widget-wrap elementor-element-populated\">\n\t\t\t\t\t\t<div class=\"elementor-element elementor-element-60d798a elementor-widget elementor-widget-spacer\" data-id=\"60d798a\" data-element_type=\"widget\" data-e-type=\"widget\" data-widget_type=\"spacer.default\">\n\t\t\t\t<div class=\"elementor-widget-container\">\n\t\t\t\t\t\t\t<div class=\"elementor-spacer\">\n\t\t\t<div class=\"elementor-spacer-inner\"><\/div>\n\t\t<\/div>\n\t\t\t\t\t\t<\/div>\n\t\t\t\t<\/div>\n\t\t\t\t<div class=\"elementor-element elementor-element-63ebefa elementor-widget elementor-widget-heading\" data-id=\"63ebefa\" data-element_type=\"widget\" data-e-type=\"widget\" data-widget_type=\"heading.default\">\n\t\t\t\t<div class=\"elementor-widget-container\">\n\t\t\t\t\t<h2 class=\"elementor-heading-title elementor-size-default\">con quien trabajo<\/h2>\t\t\t\t<\/div>\n\t\t\t\t<\/div>\n\t\t\t\t<div class=\"elementor-element elementor-element-8650fdf elementor-widget elementor-widget-spacer\" data-id=\"8650fdf\" data-element_type=\"widget\" data-e-type=\"widget\" data-widget_type=\"spacer.default\">\n\t\t\t\t<div class=\"elementor-widget-container\">\n\t\t\t\t\t\t\t<div class=\"elementor-spacer\">\n\t\t\t<div class=\"elementor-spacer-inner\"><\/div>\n\t\t<\/div>\n\t\t\t\t\t\t<\/div>\n\t\t\t\t<\/div>\n\t\t\t\t<section class=\"elementor-section elementor-inner-section elementor-element elementor-element-da3ec02 elementor-section-boxed elementor-section-height-default elementor-section-height-default\" data-id=\"da3ec02\" data-element_type=\"section\" data-e-type=\"section\">\n\t\t\t\t\t\t<div class=\"elementor-container elementor-column-gap-default\">\n\t\t\t\t\t<div class=\"elementor-column elementor-col-50 elementor-inner-column elementor-element elementor-element-d55338f\" data-id=\"d55338f\" data-element_type=\"column\" data-e-type=\"column\">\n\t\t\t<div class=\"elementor-widget-wrap elementor-element-populated\">\n\t\t\t\t\t\t<div class=\"elementor-element elementor-element-b6667ee elementor-widget elementor-widget-image\" data-id=\"b6667ee\" data-element_type=\"widget\" data-e-type=\"widget\" data-widget_type=\"image.default\">\n\t\t\t\t<div class=\"elementor-widget-container\">\n\t\t\t\t\t\t\t\t\t\t\t\t\t\t\t\t<a href=\"https:\/\/www.instagram.com\/maggys_cakes\/?hl=es\">\n\t\t\t\t\t\t\t<img decoding=\"async\" width=\"800\" height=\"141\" src=\"https:\/\/estremsdesign.com\/new\/wp-content\/uploads\/2024\/07\/MAGGY_WEBESTREMSDESIGNcomp-1024x181.jpg\" class=\"attachment-large size-large wp-image-3399\" alt=\"\" srcset=\"https:\/\/estremsdesign.com\/new\/wp-content\/uploads\/2024\/07\/MAGGY_WEBESTREMSDESIGNcomp-1024x181.jpg 1024w, https:\/\/estremsdesign.com\/new\/wp-content\/uploads\/2024\/07\/MAGGY_WEBESTREMSDESIGNcomp-300x53.jpg 300w, https:\/\/estremsdesign.com\/new\/wp-content\/uploads\/2024\/07\/MAGGY_WEBESTREMSDESIGNcomp-768x136.jpg 768w, https:\/\/estremsdesign.com\/new\/wp-content\/uploads\/2024\/07\/MAGGY_WEBESTREMSDESIGNcomp-1536x272.jpg 1536w, https:\/\/estremsdesign.com\/new\/wp-content\/uploads\/2024\/07\/MAGGY_WEBESTREMSDESIGNcomp-2048x363.jpg 2048w, https:\/\/estremsdesign.com\/new\/wp-content\/uploads\/2024\/07\/MAGGY_WEBESTREMSDESIGNcomp-500x89.jpg 500w, https:\/\/estremsdesign.com\/new\/wp-content\/uploads\/2024\/07\/MAGGY_WEBESTREMSDESIGNcomp-800x142.jpg 800w, https:\/\/estremsdesign.com\/new\/wp-content\/uploads\/2024\/07\/MAGGY_WEBESTREMSDESIGNcomp-1280x227.jpg 1280w, https:\/\/estremsdesign.com\/new\/wp-content\/uploads\/2024\/07\/MAGGY_WEBESTREMSDESIGNcomp-1920x340.jpg 1920w, https:\/\/estremsdesign.com\/new\/wp-content\/uploads\/2024\/07\/MAGGY_WEBESTREMSDESIGNcomp-1000x177.jpg 1000w\" sizes=\"(max-width: 800px) 100vw, 800px\" \/>\t\t\t\t\t\t\t\t<\/a>\n\t\t\t\t\t\t\t\t\t\t\t\t\t\t\t<\/div>\n\t\t\t\t<\/div>\n\t\t\t\t\t<\/div>\n\t\t<\/div>\n\t\t\t\t<div class=\"elementor-column elementor-col-50 elementor-inner-column elementor-element elementor-element-65e682e\" data-id=\"65e682e\" data-element_type=\"column\" data-e-type=\"column\">\n\t\t\t<div class=\"elementor-widget-wrap elementor-element-populated\">\n\t\t\t\t\t\t<div class=\"elementor-element elementor-element-90c83ab elementor-widget elementor-widget-image\" data-id=\"90c83ab\" data-element_type=\"widget\" data-e-type=\"widget\" data-widget_type=\"image.default\">\n\t\t\t\t<div class=\"elementor-widget-container\">\n\t\t\t\t\t\t\t\t\t\t\t\t\t\t\t\t<a href=\"https:\/\/www.instagram.com\/viorne_tm\/\">\n\t\t\t\t\t\t\t<img decoding=\"async\" width=\"800\" height=\"141\" src=\"https:\/\/estremsdesign.com\/new\/wp-content\/uploads\/2024\/07\/VIORNE_WEBcomp-1024x181.jpg\" class=\"attachment-large size-large wp-image-3400\" alt=\"\" srcset=\"https:\/\/estremsdesign.com\/new\/wp-content\/uploads\/2024\/07\/VIORNE_WEBcomp-1024x181.jpg 1024w, https:\/\/estremsdesign.com\/new\/wp-content\/uploads\/2024\/07\/VIORNE_WEBcomp-300x53.jpg 300w, https:\/\/estremsdesign.com\/new\/wp-content\/uploads\/2024\/07\/VIORNE_WEBcomp-768x136.jpg 768w, https:\/\/estremsdesign.com\/new\/wp-content\/uploads\/2024\/07\/VIORNE_WEBcomp-1536x272.jpg 1536w, https:\/\/estremsdesign.com\/new\/wp-content\/uploads\/2024\/07\/VIORNE_WEBcomp-2048x363.jpg 2048w, https:\/\/estremsdesign.com\/new\/wp-content\/uploads\/2024\/07\/VIORNE_WEBcomp-500x89.jpg 500w, https:\/\/estremsdesign.com\/new\/wp-content\/uploads\/2024\/07\/VIORNE_WEBcomp-800x142.jpg 800w, https:\/\/estremsdesign.com\/new\/wp-content\/uploads\/2024\/07\/VIORNE_WEBcomp-1280x227.jpg 1280w, https:\/\/estremsdesign.com\/new\/wp-content\/uploads\/2024\/07\/VIORNE_WEBcomp-1920x340.jpg 1920w, https:\/\/estremsdesign.com\/new\/wp-content\/uploads\/2024\/07\/VIORNE_WEBcomp-1000x177.jpg 1000w\" sizes=\"(max-width: 800px) 100vw, 800px\" \/>\t\t\t\t\t\t\t\t<\/a>\n\t\t\t\t\t\t\t\t\t\t\t\t\t\t\t<\/div>\n\t\t\t\t<\/div>\n\t\t\t\t\t<\/div>\n\t\t<\/div>\n\t\t\t\t\t<\/div>\n\t\t<\/section>\n\t\t\t\t\t<\/div>\n\t\t<\/div>\n\t\t\t\t\t<\/div>\n\t\t<\/section>\n\t\t\t\t<\/div>\n\t\t","protected":false},"excerpt":{"rendered":"<p>Sobre mi Me llamo Montse, y soy una fot\u00f3grafa profesional. Desde peque\u00f1a, he estado fascinada por el mundo de la fotograf\u00eda. Siempre llevaba mi c\u00e1mara a todas partes, capturando momentos especiales que luego me encantaba compartir con mi familia y amigos. Con el tiempo, esa afici\u00f3n se convirti\u00f3 en una verdadera pasi\u00f3n y decid\u00ed dedicarme [&hellip;]<\/p>\n","protected":false},"author":1,"featured_media":0,"parent":0,"menu_order":0,"comment_status":"closed","ping_status":"closed","template":"","meta":{"_monsterinsights_skip_tracking":false,"_monsterinsights_sitenote_active":false,"_monsterinsights_sitenote_note":"","_monsterinsights_sitenote_category":0,"_vp_format_video_url":"","_vp_image_focal_point":[],"footnotes":""},"class_list":["post-28","page","type-page","status-publish","hentry"],"yoast_head":"<!-- This site is optimized with the Yoast SEO plugin v27.5 - https:\/\/yoast.com\/product\/yoast-seo-wordpress\/ -->\n<title>About - EstremsDesign<\/title>\n<meta name=\"robots\" content=\"index, follow, max-snippet:-1, max-image-preview:large, max-video-preview:-1\" \/>\n<link rel=\"canonical\" href=\"https:\/\/estremsdesign.com\/new\/about\/\" \/>\n<meta property=\"og:locale\" content=\"es_ES\" \/>\n<meta property=\"og:type\" content=\"article\" \/>\n<meta property=\"og:title\" content=\"About - EstremsDesign\" \/>\n<meta property=\"og:description\" content=\"Sobre mi Me llamo Montse, y soy una fot\u00f3grafa profesional. Desde peque\u00f1a, he estado fascinada por el mundo de la fotograf\u00eda. Siempre llevaba mi c\u00e1mara a todas partes, capturando momentos especiales que luego me encantaba compartir con mi familia y amigos. Con el tiempo, esa afici\u00f3n se convirti\u00f3 en una verdadera pasi\u00f3n y decid\u00ed dedicarme [&hellip;]\" \/>\n<meta property=\"og:url\" content=\"https:\/\/estremsdesign.com\/new\/about\/\" \/>\n<meta property=\"og:site_name\" content=\"EstremsDesign\" \/>\n<meta property=\"article:modified_time\" content=\"2026-02-02T18:25:21+00:00\" \/>\n<meta property=\"og:image\" content=\"https:\/\/estremsdesign.com\/new\/wp-content\/uploads\/2023\/03\/autoyashica02.jpg\" \/>\n\t<meta property=\"og:image:width\" content=\"1080\" \/>\n\t<meta property=\"og:image:height\" content=\"1027\" \/>\n\t<meta property=\"og:image:type\" content=\"image\/jpeg\" \/>\n<meta name=\"twitter:card\" content=\"summary_large_image\" \/>\n<script type=\"application\/ld+json\" class=\"yoast-schema-graph\">{\"@context\":\"https:\\\/\\\/schema.org\",\"@graph\":[{\"@type\":\"WebPage\",\"@id\":\"https:\\\/\\\/estremsdesign.com\\\/new\\\/about\\\/\",\"url\":\"https:\\\/\\\/estremsdesign.com\\\/new\\\/about\\\/\",\"name\":\"About - EstremsDesign\",\"isPartOf\":{\"@id\":\"https:\\\/\\\/estremsdesign.com\\\/new\\\/#website\"},\"primaryImageOfPage\":{\"@id\":\"https:\\\/\\\/estremsdesign.com\\\/new\\\/about\\\/#primaryimage\"},\"image\":{\"@id\":\"https:\\\/\\\/estremsdesign.com\\\/new\\\/about\\\/#primaryimage\"},\"thumbnailUrl\":\"https:\\\/\\\/estremsdesign.com\\\/new\\\/wp-content\\\/uploads\\\/2023\\\/03\\\/autoyashica02-1024x974.jpg\",\"datePublished\":\"2022-04-28T14:52:55+00:00\",\"dateModified\":\"2026-02-02T18:25:21+00:00\",\"breadcrumb\":{\"@id\":\"https:\\\/\\\/estremsdesign.com\\\/new\\\/about\\\/#breadcrumb\"},\"inLanguage\":\"es\",\"potentialAction\":[{\"@type\":\"ReadAction\",\"target\":[\"https:\\\/\\\/estremsdesign.com\\\/new\\\/about\\\/\"]}]},{\"@type\":\"ImageObject\",\"inLanguage\":\"es\",\"@id\":\"https:\\\/\\\/estremsdesign.com\\\/new\\\/about\\\/#primaryimage\",\"url\":\"https:\\\/\\\/estremsdesign.com\\\/new\\\/wp-content\\\/uploads\\\/2023\\\/03\\\/autoyashica02.jpg\",\"contentUrl\":\"https:\\\/\\\/estremsdesign.com\\\/new\\\/wp-content\\\/uploads\\\/2023\\\/03\\\/autoyashica02.jpg\",\"width\":1080,\"height\":1027},{\"@type\":\"BreadcrumbList\",\"@id\":\"https:\\\/\\\/estremsdesign.com\\\/new\\\/about\\\/#breadcrumb\",\"itemListElement\":[{\"@type\":\"ListItem\",\"position\":1,\"name\":\"Portada\",\"item\":\"https:\\\/\\\/estremsdesign.com\\\/new\\\/\"},{\"@type\":\"ListItem\",\"position\":2,\"name\":\"About\"}]},{\"@type\":\"WebSite\",\"@id\":\"https:\\\/\\\/estremsdesign.com\\\/new\\\/#website\",\"url\":\"https:\\\/\\\/estremsdesign.com\\\/new\\\/\",\"name\":\"EstremsDesign\",\"description\":\"Fotograf\u00eda y Dise\u00f1o Gr\u00e1fico en Matar\u00f3\",\"publisher\":{\"@id\":\"https:\\\/\\\/estremsdesign.com\\\/new\\\/#organization\"},\"potentialAction\":[{\"@type\":\"SearchAction\",\"target\":{\"@type\":\"EntryPoint\",\"urlTemplate\":\"https:\\\/\\\/estremsdesign.com\\\/new\\\/?s={search_term_string}\"},\"query-input\":{\"@type\":\"PropertyValueSpecification\",\"valueRequired\":true,\"valueName\":\"search_term_string\"}}],\"inLanguage\":\"es\"},{\"@type\":\"Organization\",\"@id\":\"https:\\\/\\\/estremsdesign.com\\\/new\\\/#organization\",\"name\":\"EstremsDesign\",\"url\":\"https:\\\/\\\/estremsdesign.com\\\/new\\\/\",\"logo\":{\"@type\":\"ImageObject\",\"inLanguage\":\"es\",\"@id\":\"https:\\\/\\\/estremsdesign.com\\\/new\\\/#\\\/schema\\\/logo\\\/image\\\/\",\"url\":\"https:\\\/\\\/estremsdesign.com\\\/new\\\/wp-content\\\/uploads\\\/2022\\\/04\\\/logobeige_menuweb.png\",\"contentUrl\":\"https:\\\/\\\/estremsdesign.com\\\/new\\\/wp-content\\\/uploads\\\/2022\\\/04\\\/logobeige_menuweb.png\",\"width\":2312,\"height\":1107,\"caption\":\"EstremsDesign\"},\"image\":{\"@id\":\"https:\\\/\\\/estremsdesign.com\\\/new\\\/#\\\/schema\\\/logo\\\/image\\\/\"}}]}<\/script>\n<!-- \/ Yoast SEO plugin. -->","yoast_head_json":{"title":"About - EstremsDesign","robots":{"index":"index","follow":"follow","max-snippet":"max-snippet:-1","max-image-preview":"max-image-preview:large","max-video-preview":"max-video-preview:-1"},"canonical":"https:\/\/estremsdesign.com\/new\/about\/","og_locale":"es_ES","og_type":"article","og_title":"About - EstremsDesign","og_description":"Sobre mi Me llamo Montse, y soy una fot\u00f3grafa profesional. Desde peque\u00f1a, he estado fascinada por el mundo de la fotograf\u00eda. Siempre llevaba mi c\u00e1mara a todas partes, capturando momentos especiales que luego me encantaba compartir con mi familia y amigos. Con el tiempo, esa afici\u00f3n se convirti\u00f3 en una verdadera pasi\u00f3n y decid\u00ed dedicarme [&hellip;]","og_url":"https:\/\/estremsdesign.com\/new\/about\/","og_site_name":"EstremsDesign","article_modified_time":"2026-02-02T18:25:21+00:00","og_image":[{"width":1080,"height":1027,"url":"https:\/\/estremsdesign.com\/new\/wp-content\/uploads\/2023\/03\/autoyashica02.jpg","type":"image\/jpeg"}],"twitter_card":"summary_large_image","schema":{"@context":"https:\/\/schema.org","@graph":[{"@type":"WebPage","@id":"https:\/\/estremsdesign.com\/new\/about\/","url":"https:\/\/estremsdesign.com\/new\/about\/","name":"About - EstremsDesign","isPartOf":{"@id":"https:\/\/estremsdesign.com\/new\/#website"},"primaryImageOfPage":{"@id":"https:\/\/estremsdesign.com\/new\/about\/#primaryimage"},"image":{"@id":"https:\/\/estremsdesign.com\/new\/about\/#primaryimage"},"thumbnailUrl":"https:\/\/estremsdesign.com\/new\/wp-content\/uploads\/2023\/03\/autoyashica02-1024x974.jpg","datePublished":"2022-04-28T14:52:55+00:00","dateModified":"2026-02-02T18:25:21+00:00","breadcrumb":{"@id":"https:\/\/estremsdesign.com\/new\/about\/#breadcrumb"},"inLanguage":"es","potentialAction":[{"@type":"ReadAction","target":["https:\/\/estremsdesign.com\/new\/about\/"]}]},{"@type":"ImageObject","inLanguage":"es","@id":"https:\/\/estremsdesign.com\/new\/about\/#primaryimage","url":"https:\/\/estremsdesign.com\/new\/wp-content\/uploads\/2023\/03\/autoyashica02.jpg","contentUrl":"https:\/\/estremsdesign.com\/new\/wp-content\/uploads\/2023\/03\/autoyashica02.jpg","width":1080,"height":1027},{"@type":"BreadcrumbList","@id":"https:\/\/estremsdesign.com\/new\/about\/#breadcrumb","itemListElement":[{"@type":"ListItem","position":1,"name":"Portada","item":"https:\/\/estremsdesign.com\/new\/"},{"@type":"ListItem","position":2,"name":"About"}]},{"@type":"WebSite","@id":"https:\/\/estremsdesign.com\/new\/#website","url":"https:\/\/estremsdesign.com\/new\/","name":"EstremsDesign","description":"Fotograf\u00eda y Dise\u00f1o Gr\u00e1fico en Matar\u00f3","publisher":{"@id":"https:\/\/estremsdesign.com\/new\/#organization"},"potentialAction":[{"@type":"SearchAction","target":{"@type":"EntryPoint","urlTemplate":"https:\/\/estremsdesign.com\/new\/?s={search_term_string}"},"query-input":{"@type":"PropertyValueSpecification","valueRequired":true,"valueName":"search_term_string"}}],"inLanguage":"es"},{"@type":"Organization","@id":"https:\/\/estremsdesign.com\/new\/#organization","name":"EstremsDesign","url":"https:\/\/estremsdesign.com\/new\/","logo":{"@type":"ImageObject","inLanguage":"es","@id":"https:\/\/estremsdesign.com\/new\/#\/schema\/logo\/image\/","url":"https:\/\/estremsdesign.com\/new\/wp-content\/uploads\/2022\/04\/logobeige_menuweb.png","contentUrl":"https:\/\/estremsdesign.com\/new\/wp-content\/uploads\/2022\/04\/logobeige_menuweb.png","width":2312,"height":1107,"caption":"EstremsDesign"},"image":{"@id":"https:\/\/estremsdesign.com\/new\/#\/schema\/logo\/image\/"}}]}},"_links":{"self":[{"href":"https:\/\/estremsdesign.com\/new\/wp-json\/wp\/v2\/pages\/28","targetHints":{"allow":["GET"]}}],"collection":[{"href":"https:\/\/estremsdesign.com\/new\/wp-json\/wp\/v2\/pages"}],"about":[{"href":"https:\/\/estremsdesign.com\/new\/wp-json\/wp\/v2\/types\/page"}],"author":[{"embeddable":true,"href":"https:\/\/estremsdesign.com\/new\/wp-json\/wp\/v2\/users\/1"}],"replies":[{"embeddable":true,"href":"https:\/\/estremsdesign.com\/new\/wp-json\/wp\/v2\/comments?post=28"}],"version-history":[{"count":36,"href":"https:\/\/estremsdesign.com\/new\/wp-json\/wp\/v2\/pages\/28\/revisions"}],"predecessor-version":[{"id":4829,"href":"https:\/\/estremsdesign.com\/new\/wp-json\/wp\/v2\/pages\/28\/revisions\/4829"}],"wp:attachment":[{"href":"https:\/\/estremsdesign.com\/new\/wp-json\/wp\/v2\/media?parent=28"}],"curies":[{"name":"wp","href":"https:\/\/api.w.org\/{rel}","templated":true}]}}